{"id":1284,"date":"2023-01-02T14:16:54","date_gmt":"2023-01-02T13:16:54","guid":{"rendered":"https:\/\/update.boettcher-film.de\/rosenstolz\/"},"modified":"2023-03-05T17:39:16","modified_gmt":"2023-03-05T16:39:16","slug":"rosenstolz","status":"publish","type":"page","link":"https:\/\/www.boettcher-film.de\/?page_id=1284","title":{"rendered":"Rosenstolz"},"content":{"rendered":"<div data-colibri-id=\"1284-c1\" class=\"style-543 style-local-1284-c1 position-relative\">\n  <!---->\n  <div data-colibri-component=\"section\" data-colibri-id=\"1284-c2\" id=\"overlappable\" class=\"h-section h-section-global-spacing d-flex align-items-lg-center align-items-md-center align-items-center style-544 style-local-1284-c2 position-relative\">\n    <!---->\n    <!---->\n    <div class=\"h-section-grid-container h-section-boxed-container\">\n      <!---->\n      <div data-colibri-id=\"1284-c3\" class=\"h-row-container gutters-row-lg-0 gutters-row-md-0 gutters-row-0 gutters-row-v-lg-0 gutters-row-v-md-0 gutters-row-v-0 style-545 style-local-1284-c3 position-relative\">\n        <!---->\n        <div class=\"h-row justify-content-lg-center justify-content-md-center justify-content-center align-items-lg-stretch align-items-md-stretch align-items-stretch gutters-col-lg-0 gutters-col-md-0 gutters-col-0 gutters-col-v-lg-0 gutters-col-v-md-0 gutters-col-v-0\">\n          <!---->\n          <div class=\"h-column h-column-container d-flex h-col-lg-auto h-col-md-auto h-col-auto style-546-outer style-local-1284-c4-outer\">\n            <div data-colibri-id=\"1284-c4\" class=\"d-flex h-flex-basis h-column__inner h-px-lg-0 h-px-md-0 h-px-0 v-inner-lg-0 v-inner-md-0 v-inner-0 style-546 style-local-1284-c4 position-relative\">\n              <!---->\n              <!---->\n              <div class=\"w-100 h-y-container h-column__content h-column__v-align flex-basis-100 align-self-lg-center align-self-md-center align-self-center\">\n                <!---->\n                <div data-colibri-id=\"1284-c5\" class=\"d-block style-559 style-local-1284-c5 position-relative h-element\">\n                  <!---->\n                  <div class=\"h-image__frame-container-outer\">\n                    <div class=\"h-image__frame-container\">\n                      <!---->\n                      <!---->\n                      <img loading=\"lazy\" decoding=\"async\" width=\"449\" height=\"640\" src=\"https:\/\/www.boettcher-film.de\/wp-content\/uploads\/2022\/12\/Rosenstolz-Filmplakat.png\" class=\"wp-image-1027 style-559-image style-local-1284-c5-image\" alt=\"\" srcset=\"https:\/\/www.boettcher-film.de\/wp-content\/uploads\/2022\/12\/Rosenstolz-Filmplakat.png 449w, https:\/\/www.boettcher-film.de\/wp-content\/uploads\/2022\/12\/Rosenstolz-Filmplakat-210x300.png 210w\" sizes=\"auto, (max-width: 449px) 100vw, 449px\" \/>\n                      <div class=\"h-image__frame h-hide-lg h-hide-md h-hide-sm style-559-frameImage style-local-1284-c5-frameImage\"><\/div>\n                    <\/div>\n                  <\/div>\n                <\/div>\n              <\/div>\n            <\/div>\n          <\/div>\n          <div class=\"h-column h-column-container d-flex h-col-lg-auto h-col-md-auto h-col-auto style-547-outer style-local-1284-c6-outer\">\n            <div data-colibri-id=\"1284-c6\" class=\"d-flex h-flex-basis h-column__inner h-px-lg-2 h-px-md-2 h-px-2 v-inner-lg-2 v-inner-md-2 v-inner-2 style-547 style-local-1284-c6 position-relative\">\n              <!---->\n              <!---->\n              <div class=\"w-100 h-y-container h-column__content h-column__v-align flex-basis-100 align-self-lg-center align-self-md-center align-self-center\">\n                <!---->\n                <div data-colibri-id=\"1284-c7\" class=\"h-global-transition-all h-heading style-548 style-local-1284-c7 position-relative h-element\">\n                  <!---->\n                  <div class=\"h-heading__outer style-548 style-local-1284-c7\">\n                    <!---->\n                    <!---->\n                    <h2 class=\"\">Rosenstolz &#8211;\n                      <br>Wir sind Wir!<\/h2>\n                  <\/div>\n                <\/div>\n                <div data-colibri-id=\"1284-c14\" class=\"h-global-transition-all h-heading style-992 style-local-1284-c14 position-relative h-element\">\n                  <!---->\n                  <div class=\"h-heading__outer style-992 style-local-1284-c14\">\n                    <!---->\n                    <!---->\n                    <h4 class=\"\">DIE ERFOLGSGESCHICHTE EINES POPDUOS<\/h4>\n                  <\/div>\n                <\/div>\n                <div data-colibri-id=\"1284-c8\" class=\"h-text h-text-component style-549 style-local-1284-c8 position-relative h-element\">\n                  <!---->\n                  <!---->\n                  <div class=\"\">\n                    <p>Rechtzeitig zum 20. B\u00fchnenjubil\u00e4um sendete die ARD am 21. Oktober 2011 diese einst\u00fcndige Dokumentation. Erz\u00e4hlt wird die Geschichte von Peter Plate und AnNa R., die kurz nach dem Mauerfall in Berlin musikalisch zusammenfanden und deutsche\n                      Musikgeschichte schrieben.<\/p>\n                    <p>Die Plattenindustrie und Rundfunkanstalten konnten mit ihrem Deutschpop anfangs nichts anfangen, und so nahmen die beiden den Umweg \u00fcber die Subkultur, um sich mit Songs wie Die Schlampen sind m\u00fcde, Liebe ist alles und Gib mir Sonne\n                      in die Herzen ihrer Fans zu singen und schlie\u00dflich zum umjubelten Duo zu werden.<\/p>\n                    <p>Umso dramatischer war 2012 die Trennung aufgrund von Erfolgsdruck und Depressionen, den Schattenseiten des Musikbusiness.<\/p>\n                    <p><em>Rosenstolz: Erstsendedatum: 20.10.2011 in der ARD<\/em><\/p>\n                  <\/div>\n                <\/div>\n              <\/div>\n            <\/div>\n          <\/div>\n          <div class=\"h-column h-column-container d-flex h-col-lg-auto h-col-md-auto h-col-auto style-547-outer style-local-1284-c9-outer\">\n            <div data-colibri-id=\"1284-c9\" class=\"d-flex h-flex-basis h-column__inner h-px-lg-2 h-px-md-2 h-px-2 v-inner-lg-2 v-inner-md-2 v-inner-2 style-547 style-local-1284-c9 position-relative\">\n              <!---->\n              <!---->\n              <div class=\"w-100 h-y-container h-column__content h-column__v-align flex-basis-100 align-self-lg-center align-self-md-center align-self-center\">\n                <!---->\n                <div data-colibri-id=\"1284-c10\" class=\"h-global-transition-all h-heading style-548 style-local-1284-c10 position-relative h-element\">\n                  <!---->\n                  <div class=\"h-heading__outer style-548 style-local-1284-c10\">\n                    <!---->\n                    <!---->\n                    <h2 class=\"\">Trailer<\/h2>\n                  <\/div>\n                <\/div>\n              <\/div>\n            <\/div>\n          <\/div>\n          <div class=\"h-column h-column-container d-flex h-col-lg-auto h-col-md-auto h-col-auto style-552-outer style-local-1284-c11-outer\">\n            <div data-colibri-id=\"1284-c11\" class=\"d-flex h-flex-basis h-column__inner h-px-lg-0 h-px-md-0 h-px-0 v-inner-lg-0 v-inner-md-0 v-inner-0 style-552 style-local-1284-c11 position-relative\">\n              <!---->\n              <!---->\n              <div class=\"w-100 h-y-container h-column__content h-column__v-align flex-basis-100 align-self-lg-center align-self-md-center align-self-center\">\n                <!---->\n                <div data-colibri-component=\"video\" data-colibri-id=\"1284-c12\" class=\"d-block h-video d-block h-video style-560 style-local-1284-c12 position-relative h-element\">\n                  <!---->\n                  <!---->\n                  <div class=\"video-container position-relative\">\n                    <div class=\"h-global-transition-all ratio-inner\"><video class='h-video-main' controls ><source src=https:\/\/www.boettcher-film.de\/wp-content\/uploads\/2022\/12\/Rosenstolz-Trailer.mp4 type='video\/mp4' \/><\/video><\/div>\n                  <\/div>\n                <\/div>\n              <\/div>\n            <\/div>\n          <\/div>\n        <\/div>\n      <\/div>\n      <div data-colibri-id=\"1284-c15\" class=\"h-row-container gutters-row-lg-2 gutters-row-md-2 gutters-row-0 gutters-row-v-lg-2 gutters-row-v-md-2 gutters-row-v-2 style-993 style-local-1284-c15 position-relative\">\n        <!---->\n        <div class=\"h-row justify-content-lg-center justify-content-md-center justify-content-center align-items-lg-stretch align-items-md-stretch align-items-stretch gutters-col-lg-2 gutters-col-md-2 gutters-col-0 gutters-col-v-lg-2 gutters-col-v-md-2 gutters-col-v-2\">\n          <!---->\n          <div class=\"h-column h-column-container d-flex h-col-lg-auto h-col-md-auto h-col-auto style-994-outer style-local-1284-c16-outer\">\n            <div data-colibri-id=\"1284-c16\" class=\"d-flex h-flex-basis h-column__inner h-px-lg-2 h-px-md-2 h-px-2 v-inner-lg-2 v-inner-md-2 v-inner-2 style-994 style-local-1284-c16 position-relative\">\n              <!---->\n              <!---->\n              <div class=\"w-100 h-y-container h-column__content h-column__v-align flex-basis-100 align-self-lg-start align-self-md-start align-self-start\">\n                <!---->\n                <div data-colibri-component=\"video\" data-colibri-id=\"1284-c18\" class=\"d-block h-video d-block h-video style-996 style-local-1284-c18 position-relative h-element\">\n                  <!---->\n                  <!---->\n                  <div class=\"video-container position-relative\">\n                    <div class=\"h-global-transition-all ratio-inner\"><iframe src=https:\/\/www.youtube.com\/embed\/p9En6tyoKfI?autoplay=0&#038;mute=0&#038;modestbranding=0&#038;rel=0&#038;enablejsapi=1&#038; class='h-video-main'  allowfullscreen><\/iframe><\/div>\n                  <\/div>\n                <\/div>\n              <\/div>\n            <\/div>\n          <\/div>\n          <div class=\"h-column h-column-container d-flex h-col-lg-auto h-col-md-auto h-col-auto style-995-outer style-local-1284-c17-outer\">\n            <div data-colibri-id=\"1284-c17\" class=\"d-flex h-flex-basis h-column__inner h-px-lg-2 h-px-md-2 h-px-2 v-inner-lg-2 v-inner-md-2 v-inner-2 style-995 style-local-1284-c17 position-relative\">\n              <!---->\n              <!---->\n              <div class=\"w-100 h-y-container h-column__content h-column__v-align flex-basis-100 align-self-lg-center align-self-md-center align-self-center\">\n                <!---->\n                <div data-colibri-id=\"1284-c20\" class=\"h-global-transition-all h-heading style-998 style-local-1284-c20 position-relative h-element\">\n                  <!---->\n                  <div class=\"h-heading__outer style-998 style-local-1284-c20\">\n                    <!---->\n                    <!---->\n                    <h2 class=\"\">Der Film<\/h2>\n                  <\/div>\n                <\/div>\n              <\/div>\n            <\/div>\n          <\/div>\n        <\/div>\n      <\/div>\n    <\/div>\n  <\/div>\n<\/div>","protected":false},"excerpt":{"rendered":"<p>Rosenstolz &#8211; Wir sind Wir! DIE ERFOLGSGESCHICHTE EINES POPDUOS Rechtzeitig zum 20. B\u00fchnenjubil\u00e4um sendete die ARD am 21. Oktober 2011 diese einst\u00fcndige Dokumentation. Erz\u00e4hlt wird die Geschichte von Peter Plate und AnNa R., die kurz nach dem Mauerfall in Berlin musikalisch zusammenfanden und deutsche Musikgeschichte schrieben. Die Plattenindustrie und Rundfunkanstalten konnten mit ihrem Deutschpop anfangs [&hellip;]<\/p>\n","protected":false},"author":1,"featured_media":0,"parent":0,"menu_order":0,"comment_status":"closed","ping_status":"closed","template":"page-templates\/full-width-page.php","meta":{"footnotes":""},"class_list":["post-1284","page","type-page","status-publish","hentry"],"_links":{"self":[{"href":"https:\/\/www.boettcher-film.de\/index.php?rest_route=\/wp\/v2\/pages\/1284","targetHints":{"allow":["GET"]}}],"collection":[{"href":"https:\/\/www.boettcher-film.de\/index.php?rest_route=\/wp\/v2\/pages"}],"about":[{"href":"https:\/\/www.boettcher-film.de\/index.php?rest_route=\/wp\/v2\/types\/page"}],"author":[{"embeddable":true,"href":"https:\/\/www.boettcher-film.de\/index.php?rest_route=\/wp\/v2\/users\/1"}],"replies":[{"embeddable":true,"href":"https:\/\/www.boettcher-film.de\/index.php?rest_route=%2Fwp%2Fv2%2Fcomments&post=1284"}],"version-history":[{"count":6,"href":"https:\/\/www.boettcher-film.de\/index.php?rest_route=\/wp\/v2\/pages\/1284\/revisions"}],"predecessor-version":[{"id":2337,"href":"https:\/\/www.boettcher-film.de\/index.php?rest_route=\/wp\/v2\/pages\/1284\/revisions\/2337"}],"wp:attachment":[{"href":"https:\/\/www.boettcher-film.de\/index.php?rest_route=%2Fwp%2Fv2%2Fmedia&parent=1284"}],"curies":[{"name":"wp","href":"https:\/\/api.w.org\/{rel}","templated":true}]}}