{"id":1346,"date":"2023-01-02T15:07:37","date_gmt":"2023-01-02T14:07:37","guid":{"rendered":"https:\/\/update.boettcher-film.de\/bert-kaempfert-film\/"},"modified":"2026-02-19T09:59:42","modified_gmt":"2026-02-19T08:59:42","slug":"bert-kaempfert-film","status":"publish","type":"page","link":"https:\/\/www.boettcher-film.de\/?page_id=1346","title":{"rendered":"Bert Kaempfert &#8211; Film"},"content":{"rendered":"<div data-colibri-id=\"1346-c1\" class=\"style-602 style-local-1346-c1 position-relative\">\n  <!---->\n  <div data-colibri-component=\"section\" data-colibri-id=\"1346-c2\" id=\"overlappable\" class=\"h-section h-section-global-spacing d-flex align-items-lg-center align-items-md-center align-items-center style-603 style-local-1346-c2 position-relative\">\n    <!---->\n    <!---->\n    <div class=\"h-section-grid-container h-section-boxed-container\">\n      <!---->\n      <div data-colibri-id=\"1346-c3\" class=\"h-row-container gutters-row-lg-0 gutters-row-md-0 gutters-row-0 gutters-row-v-lg-0 gutters-row-v-md-0 gutters-row-v-0 style-604 style-local-1346-c3 position-relative\">\n        <!---->\n        <div class=\"h-row justify-content-lg-center justify-content-md-center justify-content-center align-items-lg-stretch align-items-md-stretch align-items-stretch gutters-col-lg-0 gutters-col-md-0 gutters-col-0 gutters-col-v-lg-0 gutters-col-v-md-0 gutters-col-v-0\">\n          <!---->\n          <div class=\"h-column h-column-container d-flex h-col-lg-auto h-col-md-auto h-col-auto style-605-outer style-local-1346-c4-outer\">\n            <div data-colibri-id=\"1346-c4\" class=\"d-flex h-flex-basis h-column__inner h-px-lg-0 h-px-md-0 h-px-0 v-inner-lg-0 v-inner-md-0 v-inner-0 style-605 style-local-1346-c4 position-relative\">\n              <!---->\n              <!---->\n              <div class=\"w-100 h-y-container h-column__content h-column__v-align flex-basis-100 align-self-lg-start align-self-md-start align-self-start\">\n                <!---->\n                <div data-colibri-id=\"1346-c5\" class=\"d-block style-612 style-local-1346-c5 position-relative h-element\">\n                  <!---->\n                  <div class=\"h-image__frame-container-outer\">\n                    <div class=\"h-image__frame-container\">\n                      <!---->\n                      <!---->\n                      <img loading=\"lazy\" decoding=\"async\" width=\"850\" height=\"1200\" src=\"https:\/\/www.boettcher-film.de\/wp-content\/uploads\/2022\/12\/Stranger-in-the-night-Bert-Kaempfert-Story.jpg\" class=\"wp-image-269 style-612-image style-local-1346-c5-image\" alt=\"\" srcset=\"https:\/\/www.boettcher-film.de\/wp-content\/uploads\/2022\/12\/Stranger-in-the-night-Bert-Kaempfert-Story.jpg 850w, https:\/\/www.boettcher-film.de\/wp-content\/uploads\/2022\/12\/Stranger-in-the-night-Bert-Kaempfert-Story-213x300.jpg 213w, https:\/\/www.boettcher-film.de\/wp-content\/uploads\/2022\/12\/Stranger-in-the-night-Bert-Kaempfert-Story-725x1024.jpg 725w, https:\/\/www.boettcher-film.de\/wp-content\/uploads\/2022\/12\/Stranger-in-the-night-Bert-Kaempfert-Story-768x1084.jpg 768w\" sizes=\"auto, (max-width: 850px) 100vw, 850px\" \/>\n                      <div class=\"h-image__frame h-hide-lg h-hide-md h-hide-sm style-612-frameImage style-local-1346-c5-frameImage\"><\/div>\n                    <\/div>\n                  <\/div>\n                <\/div>\n              <\/div>\n            <\/div>\n          <\/div>\n          <div class=\"h-column h-column-container d-flex h-col-lg-auto h-col-md-auto h-col-auto style-606-outer style-local-1346-c6-outer\">\n            <div data-colibri-id=\"1346-c6\" class=\"d-flex h-flex-basis h-column__inner h-px-lg-2 h-px-md-2 h-px-2 v-inner-lg-2 v-inner-md-2 v-inner-2 style-606 style-local-1346-c6 position-relative\">\n              <!---->\n              <!---->\n              <div class=\"w-100 h-y-container h-column__content h-column__v-align flex-basis-100 align-self-lg-center align-self-md-center align-self-center\">\n                <!---->\n                <div data-colibri-id=\"1346-c7\" class=\"h-global-transition-all h-heading style-613 style-local-1346-c7 position-relative h-element\">\n                  <!---->\n                  <div class=\"h-heading__outer style-613 style-local-1346-c7\">\n                    <!---->\n                    <!---->\n                    <h2 class=\"\">Strangers In The Night &#8211; die Bert Kaempfert Story<\/h2>\n                  <\/div>\n                <\/div>\n                <div data-colibri-id=\"1346-c8\" class=\"h-text h-text-component style-608 style-local-1346-c8 position-relative h-element\">\n                  <!---->\n                  <!---->\n                  <div class=\"\">\n                    <p><span>Bert Kaempfert (1923-1980), einen der ber\u00fchmtesten Vertreter des Easy Listening, pr\u00e4gte schon fr\u00fch mit Titeln wie Danke Schoen, A Swingin&#8216; Safari und Red Roses For A Blue Lady seinen eigenen, unverkennbaren Stil und schrieb Musikgeschichte. Er entdeckte und produzierte die Beatles, arrangierte f\u00fcr Elvis Presley und verhalf Al Martino mit Spanish Eyes zu seinem Comeback. Er selbst hatte seinen gr\u00f6\u00dften Erfolg mit Strangers In The Night, einem Jahrhundert-Hit.<\/span><\/p>\n                    <p>Bis zu Bert Kaempferts Durchbruch war es jedoch ein langer und steiniger Weg. Auf den geb\u00fcrtigen Hamburger muss das Sprichwort von dem Propheten, der im eigenen Land nichts gilt, angewandt werden, denn erst in Amerika stellte sich\n                      der lang ersehnte Erfolg ein. Er ist der faszinierendste deutsche Export seit der Dietrich &#8211; so urteilte ein Redakteur des Sunday Ledger Inquirer 1961 \u00fcber Kaempferts gro\u00dfen Erfolg mit Wonderland By Night, dem ersten Nr.-1-Hit eines\n                      Deutschen in den USA. Rund 400 Kompositionen und \u00fcber 750 Arrangements stammen aus seiner Feder und haben ihn unsterblich gemacht. Bis 1980 verkaufte er mehr als 150 Millionen Schallplatten.&nbsp;<\/p>\n                    <p><em>Bert Kaempfert: Erstsendedatum: 22.11.2003 im NDR-Fernsehen (12,2% Zuschauerquote)<\/em><\/p>\n                  <\/div>\n                <\/div>\n                <div data-colibri-id=\"1346-c9\" class=\"h-x-container style-609 style-local-1346-c9 position-relative h-element\">\n                  <!---->\n                  <div class=\"h-x-container-inner style-dynamic-1346-c9-group style-609-spacing style-local-1346-c9-spacing\"><span class=\"h-button__outer style-610-outer style-local-1346-c10-outer d-inline-flex h-element\"><a h-use-smooth-scroll=\"true\" href=\"https:\/\/www.amazon.de\/Strangers-Night-Bert-Kaempfert-Story\/dp\/B00S8COGOI\/ref=sr_1_2?__mk_de_DE=\u00c5M\u00c5\u017d\u00d5\u00d1&amp;dchild=1&amp;keywords=Bert+Kaempfert+marc+boettcher&amp;qid=1615192815&amp;s=dvd&amp;sr=1-2\"  data-colibri-id=\"1346-c10\" class=\"d-flex w-100 align-items-center h-button justify-content-lg-center justify-content-md-center justify-content-center style-610 style-local-1346-c10 position-relative\"><!----><!----> <span>Jetzt kaufen<\/span><\/a>\n                    <\/span>\n                  <\/div>\n                <\/div>\n              <\/div>\n            <\/div>\n          <\/div>\n          <div class=\"h-column h-column-container d-flex h-col-lg-auto h-col-md-auto h-col-auto style-606-outer style-local-1346-c11-outer\">\n            <div data-colibri-id=\"1346-c11\" class=\"d-flex h-flex-basis h-column__inner h-px-lg-2 h-px-md-2 h-px-2 v-inner-lg-2 v-inner-md-2 v-inner-2 style-606 style-local-1346-c11 position-relative\">\n              <!---->\n              <!---->\n              <div class=\"w-100 h-y-container h-column__content h-column__v-align flex-basis-100 align-self-lg-center align-self-md-center align-self-center\">\n                <!---->\n                <div data-colibri-id=\"1346-c12\" class=\"h-text h-text-component style-608 style-local-1346-c12 position-relative h-element\">\n                  <!---->\n                  <!---->\n                  <div class=\"\">\n                    <p>\u201eNicht nur f\u00fcr Nostalgiker und Harmonieforscher ein prima Grund, den Samstagabend zu Hause zu verbringen.&#8220;&nbsp;<em>(TAZ)<\/em><\/p>\n                  <\/div>\n                <\/div>\n                <div data-colibri-id=\"1346-c13\" class=\"h-text h-text-component style-608 style-local-1346-c13 position-relative h-element\">\n                  <!---->\n                  <!---->\n                  <div class=\"\">\n                    <p>\u201eDezent, leichth\u00e4ndig und mit dem liebevollen Blick f\u00fcrs Detail!&#8220;&nbsp;<em>(S\u00fcddeutsche Zeitung)<\/em><\/p>\n                  <\/div>\n                <\/div>\n                <div data-colibri-id=\"1346-c14\" class=\"h-text h-text-component style-608 style-local-1346-c14 position-relative h-element\">\n                  <!---->\n                  <!---->\n                  <div class=\"\">\n                    <p>\u201e&#8230;ein wunderbarer Film. Eine w\u00fcrdige Ehrung.&#8220; <em>(Kieler Nachrichten)<\/em><\/p>\n                  <\/div>\n                <\/div>\n                <div data-colibri-id=\"1346-c15\" class=\"h-text h-text-component style-608 style-local-1346-c15 position-relative h-element\">\n                  <!---->\n                  <!---->\n                  <div class=\"\">\n                    <p>\u201e&#8230;keine Sekunde langweilig.&#8220;&nbsp;<em>(L\u00fcbecker Nachrichten)<\/em><\/p>\n                  <\/div>\n                <\/div>\n                <div data-colibri-id=\"1346-c16\" class=\"h-text h-text-component style-608 style-local-1346-c16 position-relative h-element\">\n                  <!---->\n                  <!---->\n                  <div class=\"\">\n                    <p>\u201e&#8230;ein eindrucksvoller Blick hinter die Kulissen des Showbusiness.&#8220;&nbsp;<em>(Deutschland Radio Berlin)<\/em><\/p>\n                  <\/div>\n                <\/div>\n                <div data-colibri-id=\"1346-c17\" class=\"h-text h-text-component style-608 style-local-1346-c17 position-relative h-element\">\n                  <!---->\n                  <!---->\n                  <div class=\"\">\n                    <p>\u201eBoettchers einf\u00fchlsames Portr\u00e4t zeichnet nicht nur ein Bild des genialen Komponisten und Arrangeurs, sondern auch eine Kulturgeschichte seiner Zeit.&#8220;&nbsp;<em>(Stern)<\/em><\/p>\n                  <\/div>\n                <\/div>\n                <div data-colibri-id=\"1346-c18\" class=\"h-text h-text-component style-608 style-local-1346-c18 position-relative h-element\">\n                  <!---->\n                  <!---->\n                  <div class=\"\">\n                    <p>\u201eMarc Boettcher w\u00fcrdigt in seiner liebevollen Dokumentation die Legende des Swings und Easy Listening so fakten- wie anekdotenreich. &#8211; Er schl\u00e4gt einen h\u00f6chst unterhaltsamen Bogen \u00fcber fast sechs Jahrzehnte.&#8220;&nbsp;<em>(TV-Spielfilm)<\/em><\/p>\n                  <\/div>\n                <\/div>\n              <\/div>\n            <\/div>\n          <\/div>\n          <div class=\"h-column h-column-container d-flex h-col-lg-auto h-col-md-auto h-col-auto style-611-outer style-local-1346-c19-outer\">\n            <div data-colibri-id=\"1346-c19\" class=\"d-flex h-flex-basis h-column__inner h-px-lg-0 h-px-md-0 h-px-0 v-inner-lg-0 v-inner-md-0 v-inner-0 style-611 style-local-1346-c19 position-relative\">\n              <!---->\n              <!---->\n              <div class=\"w-100 h-y-container h-column__content h-column__v-align flex-basis-100 align-self-lg-center align-self-md-center align-self-center\">\n                <!---->\n                <div data-colibri-id=\"1346-c20\" class=\"h-global-transition-all h-heading style-614 style-local-1346-c20 position-relative h-element\">\n                  <!---->\n                  <div class=\"h-heading__outer style-614 style-local-1346-c20\">\n                    <!---->\n                    <!---->\n                    <h2 class=\"\">Rezensionen<\/h2>\n                  <\/div>\n                <\/div>\n              <\/div>\n            <\/div>\n          <\/div>\n        <\/div>\n      <\/div>\n      <div data-colibri-id=\"1346-c21\" class=\"h-row-container gutters-row-lg-2 gutters-row-md-2 gutters-row-0 gutters-row-v-lg-2 gutters-row-v-md-2 gutters-row-v-2 style-615 style-local-1346-c21 position-relative\">\n        <!---->\n        <div class=\"h-row justify-content-lg-center justify-content-md-center justify-content-center align-items-lg-stretch align-items-md-stretch align-items-stretch gutters-col-lg-2 gutters-col-md-2 gutters-col-0 gutters-col-v-lg-2 gutters-col-v-md-2 gutters-col-v-2\">\n          <!---->\n          <div class=\"h-column h-column-container d-flex h-col-lg-auto h-col-md-auto h-col-auto style-616-outer style-local-1346-c22-outer\">\n            <div data-colibri-id=\"1346-c22\" class=\"d-flex h-flex-basis h-column__inner h-px-lg-2 h-px-md-2 h-px-2 v-inner-lg-2 v-inner-md-2 v-inner-2 style-616 style-local-1346-c22 position-relative\">\n              <!---->\n              <!---->\n              <div class=\"w-100 h-y-container h-column__content h-column__v-align flex-basis-100 align-self-lg-center align-self-md-center align-self-center\">\n                <!---->\n                <div data-colibri-id=\"1346-c23\" class=\"h-global-transition-all h-heading style-619 style-local-1346-c23 position-relative h-element\">\n                  <!---->\n                  <div class=\"h-heading__outer style-619 style-local-1346-c23\">\n                    <!---->\n                    <!---->\n                    <h1 class=\"\">Trailer<\/h1>\n                  <\/div>\n                <\/div>\n              <\/div>\n            <\/div>\n          <\/div>\n          <div class=\"h-column h-column-container d-flex h-col-lg-auto h-col-md-auto h-col-auto style-617-outer style-local-1346-c24-outer\">\n            <div data-colibri-id=\"1346-c24\" class=\"d-flex h-flex-basis h-column__inner h-px-lg-2 h-px-md-2 h-px-2 v-inner-lg-2 v-inner-md-2 v-inner-2 style-617 style-local-1346-c24 position-relative\">\n              <!---->\n              <!---->\n              <div class=\"w-100 h-y-container h-column__content h-column__v-align flex-basis-100 align-self-lg-start align-self-md-start align-self-start\">\n                <!---->\n                <div data-colibri-component=\"video\" data-colibri-id=\"1346-c25\" class=\"d-block h-video d-block h-video style-620 style-local-1346-c25 position-relative h-element\">\n                  <!---->\n                  <!---->\n                  <div class=\"video-container position-relative\">\n                    <div class=\"h-global-transition-all ratio-inner\"><video class='h-video-main' controls ><source src=https:\/\/www.boettcher-film.de\/wp-content\/uploads\/2022\/12\/Bert-Kaempfert-Trailer.mp4 type='video\/mp4' \/><\/video><\/div>\n                  <\/div>\n                <\/div>\n              <\/div>\n            <\/div>\n          <\/div>\n        <\/div>\n      <\/div>\n    <\/div>\n  <\/div>\n  <div data-colibri-component=\"section\" data-colibri-id=\"1346-c27\" id=\"custom\" class=\"h-section h-section-global-spacing d-flex align-items-lg-center align-items-md-center align-items-center style-1134 style-local-1346-c27 position-relative\">\n    <!---->\n    <!---->\n    <div class=\"h-section-grid-container h-section-boxed-container\">\n      <!---->\n      <div data-colibri-id=\"1346-c28\" class=\"h-row-container gutters-row-lg-2 gutters-row-md-2 gutters-row-0 gutters-row-v-lg-2 gutters-row-v-md-2 gutters-row-v-2 style-1135 style-local-1346-c28 position-relative\">\n        <!---->\n        <div class=\"h-row justify-content-lg-center justify-content-md-center justify-content-center align-items-lg-stretch align-items-md-stretch align-items-stretch gutters-col-lg-2 gutters-col-md-2 gutters-col-0 gutters-col-v-lg-2 gutters-col-v-md-2 gutters-col-v-2\">\n          <!---->\n          <div class=\"h-column h-column-container d-flex h-col-lg-auto h-col-md-auto h-col-auto style-1136-outer style-local-1346-c29-outer\">\n            <div data-colibri-id=\"1346-c29\" class=\"d-flex h-flex-basis h-column__inner h-px-lg-2 h-px-md-2 h-px-2 v-inner-lg-2 v-inner-md-2 v-inner-2 style-1136 style-local-1346-c29 position-relative\">\n              <!---->\n              <!---->\n              <div class=\"w-100 h-y-container h-column__content h-column__v-align flex-basis-100 align-self-lg-start align-self-md-start align-self-start\">\n                <!---->\n                <div data-colibri-id=\"1346-c30\" class=\"h-global-transition-all h-heading style-1137 style-local-1346-c30 position-relative h-element\">\n                  <!---->\n                  <div class=\"h-heading__outer style-1137 style-local-1346-c30\">\n                    <!---->\n                    <!---->\n                    <h1 class=\"\">Ausstrahlungen<\/h1>\n                  <\/div>\n                <\/div>\n              <\/div>\n            <\/div>\n          <\/div>\n        <\/div>\n      <\/div>\n      <div data-colibri-id=\"1346-c31\" class=\"h-row-container gutters-row-lg-2 gutters-row-md-2 gutters-row-0 gutters-row-v-lg-2 gutters-row-v-md-2 gutters-row-v-2 style-1138 style-local-1346-c31 position-relative\">\n        <!---->\n        <div class=\"h-row justify-content-lg-center justify-content-md-center justify-content-center align-items-lg-stretch align-items-md-stretch align-items-stretch gutters-col-lg-2 gutters-col-md-2 gutters-col-0 gutters-col-v-lg-2 gutters-col-v-md-2 gutters-col-v-2\">\n          <!---->\n          <div class=\"h-column h-column-container d-flex h-col-lg-auto h-col-md-auto h-col-auto style-1139-outer style-local-1346-c32-outer\">\n            <div data-colibri-id=\"1346-c32\" class=\"d-flex h-flex-basis h-column__inner h-px-lg-2 h-px-md-2 h-px-2 v-inner-lg-2 v-inner-md-2 v-inner-2 style-1139 style-local-1346-c32 position-relative\">\n              <!---->\n              <!---->\n              <div class=\"w-100 h-y-container h-column__content h-column__v-align flex-basis-100 align-self-lg-start align-self-md-start align-self-start\">\n                <!---->\n                <div data-colibri-id=\"1346-c33\" class=\"style-1140 style-local-1346-c33 position-relative h-element\">\n                  <!---->\n                  <div class=\"\">\n<table id=\"tablepress-1\" class=\"tablepress tablepress-id-1\">\n<thead>\n<tr class=\"row-1\">\n\t<th class=\"column-1\">Datum<\/th><th class=\"column-2\">Sender<\/th><th class=\"column-3\">Anteil<\/th><th class=\"column-4\">Zuschauer<\/th><th class=\"column-5\">Zeit<\/th>\n<\/tr>\n<\/thead>\n<tbody class=\"row-striping row-hover\">\n<tr class=\"row-2\">\n\t<td class=\"column-1\">22.11.2003<\/td><td class=\"column-2\">NDR<\/td><td class=\"column-3\">12,2%<\/td><td class=\"column-4\">520.000<\/td><td class=\"column-5\">22:00 Uhr<\/td>\n<\/tr>\n<tr class=\"row-3\">\n\t<td class=\"column-1\"><\/td><td class=\"column-2\">bundesweit<\/td><td class=\"column-3\">7%<\/td><td class=\"column-4\">1,14 Mio<\/td><td class=\"column-5\"><\/td>\n<\/tr>\n<tr class=\"row-4\">\n\t<td class=\"column-1\">26.01.2024<\/td><td class=\"column-2\">NDR<\/td><td class=\"column-3\">9,1%<\/td><td class=\"column-4\">70.000<\/td><td class=\"column-5\">0:00 Uhr<\/td>\n<\/tr>\n<tr class=\"row-5\">\n\t<td class=\"column-1\">28.03.2024<\/td><td class=\"column-2\">BR<\/td><td class=\"column-3\">8,1%<\/td><td class=\"column-4\">130.000<\/td><td class=\"column-5\">22:40 Uhr<\/td>\n<\/tr>\n<tr class=\"row-6\">\n\t<td class=\"column-1\">02.05.2024<\/td><td class=\"column-2\">NDR<\/td><td class=\"column-3\">7,7%<\/td><td class=\"column-4\">140.000<\/td><td class=\"column-5\">11:00 Uhr<\/td>\n<\/tr>\n<tr class=\"row-7\">\n\t<td class=\"column-1\">30.05.2004<\/td><td class=\"column-2\">WDR<\/td><td class=\"column-3\">6,8%<\/td><td class=\"column-4\">90.000<\/td><td class=\"column-5\">23:55 Uhr<\/td>\n<\/tr>\n<tr class=\"row-8\">\n\t<td class=\"column-1\"><\/td><td class=\"column-2\">bundesweit<\/td><td class=\"column-3\">3,6%<\/td><td class=\"column-4\">220.000<\/td><td class=\"column-5\"><\/td>\n<\/tr>\n<tr class=\"row-9\">\n\t<td class=\"column-1\">02.12.2004<\/td><td class=\"column-2\">SWR<\/td><td class=\"column-3\">7,5%<\/td><td class=\"column-4\">80.000<\/td><td class=\"column-5\">0:00 Uhr<\/td>\n<\/tr>\n<tr class=\"row-10\">\n\t<td class=\"column-1\">31.12.2004<\/td><td class=\"column-2\">BR<\/td><td class=\"column-3\">10,1%<\/td><td class=\"column-4\">100.000<\/td><td class=\"column-5\">10:40 Uhr<\/td>\n<\/tr>\n<tr class=\"row-11\">\n\t<td class=\"column-1\">11.01.2005<\/td><td class=\"column-2\">RBB<\/td><td class=\"column-3\">8,8%<\/td><td class=\"column-4\">70.000<\/td><td class=\"column-5\">23:00 Uhr<\/td>\n<\/tr>\n<tr class=\"row-12\">\n\t<td class=\"column-1\">17.07.2008<\/td><td class=\"column-2\">NDR<\/td><td class=\"column-3\">8,5%<\/td><td class=\"column-4\">130.000<\/td><td class=\"column-5\">23:05 Uhr<\/td>\n<\/tr>\n<tr class=\"row-13\">\n\t<td class=\"column-1\">13.08.2009<\/td><td class=\"column-2\">NDR<\/td><td class=\"column-3\">9,4%<\/td><td class=\"column-4\">160.000<\/td><td class=\"column-5\">23:45 Uhr<\/td>\n<\/tr>\n<tr class=\"row-14\">\n\t<td class=\"column-1\">06.07.2010<\/td><td class=\"column-2\">NDR<\/td><td class=\"column-3\">9,1%<\/td><td class=\"column-4\">170.000<\/td><td class=\"column-5\">23:15 Uhr<\/td>\n<\/tr>\n<\/tbody>\n<\/table>\n<!-- #tablepress-1 from cache --><\/div>\n                <\/div>\n              <\/div>\n            <\/div>\n          <\/div>\n        <\/div>\n      <\/div>\n      <div data-colibri-id=\"1346-c34\" class=\"h-row-container gutters-row-lg-2 gutters-row-md-2 gutters-row-0 gutters-row-v-lg-2 gutters-row-v-md-2 gutters-row-v-2 style-1141 style-local-1346-c34 position-relative\">\n        <!---->\n        <div class=\"h-row justify-content-lg-center justify-content-md-center justify-content-center align-items-lg-stretch align-items-md-stretch align-items-stretch gutters-col-lg-2 gutters-col-md-2 gutters-col-0 gutters-col-v-lg-2 gutters-col-v-md-2 gutters-col-v-2\">\n          <!---->\n          <div class=\"h-column h-column-container d-flex h-col-lg-auto h-col-md-auto h-col-auto style-1142-outer style-local-1346-c35-outer\">\n            <div data-colibri-id=\"1346-c35\" class=\"d-flex h-flex-basis h-column__inner h-px-lg-2 h-px-md-2 h-px-2 v-inner-lg-2 v-inner-md-2 v-inner-2 style-1142 style-local-1346-c35 position-relative\">\n              <!---->\n              <!---->\n              <div class=\"w-100 h-y-container h-column__content h-column__v-align flex-basis-100 align-self-lg-start align-self-md-start align-self-start\">\n                <!---->\n                <div data-colibri-id=\"1346-c36\" class=\"h-text h-text-component style-1143 style-local-1346-c36 position-relative h-element\">\n                  <!---->\n                  <!---->\n                  <div class=\"\">\n                    <p>Weltpremiere w\u00e4hrend der \u201e45.&nbsp;Nordische Filmtage L\u00fcbeck\u201c in L\u00fcbeck (Worldpremiere at the \u201e45. Nordic Filmdays\u201d in L\u00fcbeck) 30. Okt. 2003<\/p>\n                  <\/div>\n                <\/div>\n              <\/div>\n            <\/div>\n          <\/div>\n        <\/div>\n      <\/div>\n    <\/div>\n  <\/div>\n<\/div>","protected":false},"excerpt":{"rendered":"<p>Strangers In The Night &#8211; die Bert Kaempfert Story Bert Kaempfert (1923-1980), einen der ber\u00fchmtesten Vertreter des Easy Listening, pr\u00e4gte schon fr\u00fch mit Titeln wie Danke Schoen, A Swingin&#8216; Safari und Red Roses For A Blue Lady seinen eigenen, unverkennbaren Stil und schrieb Musikgeschichte. Er entdeckte und produzierte die Beatles, arrangierte f\u00fcr Elvis Presley und [&hellip;]<\/p>\n","protected":false},"author":1,"featured_media":0,"parent":0,"menu_order":0,"comment_status":"closed","ping_status":"closed","template":"page-templates\/full-width-page.php","meta":{"footnotes":""},"class_list":["post-1346","page","type-page","status-publish","hentry"],"_links":{"self":[{"href":"https:\/\/www.boettcher-film.de\/index.php?rest_route=\/wp\/v2\/pages\/1346","targetHints":{"allow":["GET"]}}],"collection":[{"href":"https:\/\/www.boettcher-film.de\/index.php?rest_route=\/wp\/v2\/pages"}],"about":[{"href":"https:\/\/www.boettcher-film.de\/index.php?rest_route=\/wp\/v2\/types\/page"}],"author":[{"embeddable":true,"href":"https:\/\/www.boettcher-film.de\/index.php?rest_route=\/wp\/v2\/users\/1"}],"replies":[{"embeddable":true,"href":"https:\/\/www.boettcher-film.de\/index.php?rest_route=%2Fwp%2Fv2%2Fcomments&post=1346"}],"version-history":[{"count":12,"href":"https:\/\/www.boettcher-film.de\/index.php?rest_route=\/wp\/v2\/pages\/1346\/revisions"}],"predecessor-version":[{"id":3761,"href":"https:\/\/www.boettcher-film.de\/index.php?rest_route=\/wp\/v2\/pages\/1346\/revisions\/3761"}],"wp:attachment":[{"href":"https:\/\/www.boettcher-film.de\/index.php?rest_route=%2Fwp%2Fv2%2Fmedia&parent=1346"}],"curies":[{"name":"wp","href":"https:\/\/api.w.org\/{rel}","templated":true}]}}