{"id":1461,"date":"2023-01-22T11:14:21","date_gmt":"2023-01-22T10:14:21","guid":{"rendered":"https:\/\/update.boettcher-film.de\/buch-inge-brandenburg\/"},"modified":"2026-02-18T15:03:07","modified_gmt":"2026-02-18T14:03:07","slug":"buch-inge-brandenburg","status":"publish","type":"page","link":"https:\/\/www.boettcher-film.de\/?page_id=1461","title":{"rendered":"Buch Inge Brandenburg"},"content":{"rendered":"<div data-colibri-id=\"1461-c1\" class=\"style-662 style-local-1461-c1 position-relative\">\n  <!---->\n  <div data-colibri-component=\"section\" data-colibri-id=\"1461-c2\" id=\"about\" class=\"h-section h-section-global-spacing d-flex align-items-lg-center align-items-md-center align-items-center style-663 style-local-1461-c2 position-relative\">\n    <!---->\n    <!---->\n    <div class=\"h-section-grid-container h-section-boxed-container\">\n      <!---->\n      <div data-colibri-id=\"1461-c3\" class=\"h-row-container gutters-row-lg-0 gutters-row-md-0 gutters-row-0 gutters-row-v-lg-0 gutters-row-v-md-0 gutters-row-v-0 style-664 style-local-1461-c3 position-relative\">\n        <!---->\n        <div class=\"h-row justify-content-lg-center justify-content-md-center justify-content-center align-items-lg-stretch align-items-md-stretch align-items-stretch gutters-col-lg-0 gutters-col-md-0 gutters-col-0 gutters-col-v-lg-0 gutters-col-v-md-0 gutters-col-v-0\">\n          <!---->\n          <div class=\"h-column h-column-container d-flex h-col-lg-auto h-col-md-auto h-col-auto style-665-outer style-local-1461-c4-outer\">\n            <div data-colibri-id=\"1461-c4\" class=\"d-flex h-flex-basis h-column__inner h-ui-empty-state-container h-px-lg-0 h-px-md-0 h-px-0 v-inner-lg-0 v-inner-md-0 v-inner-0 style-665 style-local-1461-c4 position-relative\">\n              <!---->\n              <!---->\n              <div class=\"w-100 h-y-container h-column__content h-column__v-align flex-basis-100\">\n                <!---->\n              <\/div>\n            <\/div>\n          <\/div>\n          <div class=\"h-column h-column-container d-flex h-col-lg-auto h-col-md-auto h-col-auto style-666-outer style-local-1461-c5-outer\">\n            <div data-colibri-id=\"1461-c5\" class=\"d-flex h-flex-basis h-column__inner h-px-lg-2 h-px-md-2 h-px-2 v-inner-lg-2 v-inner-md-2 v-inner-2 style-666 style-local-1461-c5 position-relative\">\n              <!---->\n              <!---->\n              <div class=\"w-100 h-y-container h-column__content h-column__v-align flex-basis-100 align-self-lg-start align-self-md-start align-self-start\">\n                <!---->\n                <div data-colibri-id=\"1461-c6\" class=\"h-global-transition-all h-heading style-668 style-local-1461-c6 position-relative h-element\">\n                  <!---->\n                  <div class=\"h-heading__outer style-668 style-local-1461-c6\">\n                    <!---->\n                    <!---->\n                    <h2 class=\"\">Sing! Inge, sing!\n                      <br>Der zerbrochene Traum der Inge Brandenburg<\/h2>\n                  <\/div>\n                <\/div>\n                <div data-colibri-id=\"1461-c7\" class=\"h-text h-text-component style-669 style-local-1461-c7 position-relative h-element\">\n                  <!---->\n                  <!---->\n                  <div class=\"\">\n                    <p>\u201eDetailliert und gut lesbar! (&#8230;) Ein geb\u00fchrendes Denkmal. Nicht nur Jazzfans werden den Zugang finden, sondern jeder der sich f\u00fcr Musiker interessiert, die Pers\u00f6nlichkeit zeigen!&#8220; <em>(MDR Kultur)<\/em><\/p>\n                  <\/div>\n                <\/div>\n                <div data-colibri-id=\"1461-c8\" class=\"h-text h-text-component style-670 style-local-1461-c8 position-relative h-element\">\n                  <!---->\n                  <!---->\n                  <div class=\"\">\n                    <p>\u201eEin wichtiger Puzzlestein deutscher Jazzgeschichte.&#8220;<em>(NDR INFO \u201ePlay Jazz&#8220;)<\/em><\/p>\n                  <\/div>\n                <\/div>\n                <div data-colibri-id=\"1461-c9\" class=\"h-text h-text-component style-670 style-local-1461-c9 position-relative h-element\">\n                  <!---->\n                  <!---->\n                  <div class=\"\">\n                    <p>\u201e&#8230;\u00fcberaus spannende Biografie der deutschen Jazzstimme!&#8220;&nbsp;<em>(Swinging Hamburg Journal)<\/em><\/p>\n                  <\/div>\n                <\/div>\n                <div data-colibri-id=\"1461-c10\" class=\"h-text h-text-component style-670 style-local-1461-c10 position-relative h-element\">\n                  <!---->\n                  <!---->\n                  <div class=\"\">\n                    <p>\u201eEinf\u00fchlsam rekonstruiert Marc Boettcher den zerbrochenen Traum einer begnadeten S\u00e4ngerin.&#8220;&nbsp;<em>(Jazzpodium)<\/em><\/p>\n                  <\/div>\n                <\/div>\n                <div data-colibri-id=\"1461-c11\" class=\"h-text h-text-component style-670 style-local-1461-c11 position-relative h-element\">\n                  <!---->\n                  <!---->\n                  <div class=\"\">\n                    <p>\u201eEine ber\u00fchrende und gleichzeitig erhellende Lekt\u00fcre \u00fcber eine bemerkenswerte und gleichzeitig tragische Musikerin, die nicht nur f\u00fcr Musikfreundinnen spannend erz\u00e4hlt ist.&#8220;&nbsp;<em>(AVIVA \u2013 Online Magazin f\u00fcr Frauen)<\/em><\/p>\n                  <\/div>\n                <\/div>\n                <div data-colibri-id=\"1461-c12\" class=\"h-text h-text-component style-670 style-local-1461-c12 position-relative h-element\">\n                  <!---->\n                  <!---->\n                  <div class=\"\">\n                    <p>\u201eBoettchers lobenswerte Arbeit kann man im Zeitalter der Beliebigkeit bei Bucherscheinungen nicht hoch genug w\u00fcrdigen.&#8220;&nbsp;<em>(Just For Swing)<\/em><\/p>\n                  <\/div>\n                <\/div>\n                <div data-colibri-id=\"1461-c13\" class=\"h-x-container style-671 style-local-1461-c13 position-relative h-element\">\n                  <!---->\n                  <div class=\"h-x-container-inner style-dynamic-1461-c13-group style-671-spacing style-local-1461-c13-spacing\"><span class=\"h-button__outer style-672-outer style-local-1461-c14-outer d-inline-flex h-element\"><a h-use-smooth-scroll=\"true\" href=\"https:\/\/www.amazon.de\/Sing-Inge-zerbrochene-Traum-Brandenburg\/dp\/3869641134\/ref=sr_1_1?__mk_de_DE=\u00c5M\u00c5\u017d\u00d5\u00d1&amp;dchild=1&amp;keywords=inge+brandenburg&amp;qid=1615319417&amp;sr=8-1\" target=\"_blank\"  data-colibri-id=\"1461-c14\" class=\"d-flex w-100 align-items-center h-button justify-content-lg-center justify-content-md-center justify-content-center style-672 style-local-1461-c14 position-relative\"><!----><!----> <span>Buch kaufen<\/span><\/a>\n                    <\/span>\n                  <\/div>\n                <\/div>\n              <\/div>\n            <\/div>\n          <\/div>\n        <\/div>\n      <\/div>\n      <div data-colibri-id=\"1461-c15\" class=\"h-row-container gutters-row-lg-2 gutters-row-md-2 gutters-row-0 gutters-row-v-lg-2 gutters-row-v-md-2 gutters-row-v-2 style-673 style-local-1461-c15 position-relative\">\n        <!---->\n        <div class=\"h-row justify-content-lg-center justify-content-md-center justify-content-center align-items-lg-stretch align-items-md-stretch align-items-stretch gutters-col-lg-2 gutters-col-md-2 gutters-col-0 gutters-col-v-lg-2 gutters-col-v-md-2 gutters-col-v-2\">\n          <!---->\n          <div class=\"h-column h-column-container d-flex h-col-lg-auto h-col-md-auto h-col-auto style-674-outer style-local-1461-c16-outer\">\n            <div data-colibri-id=\"1461-c16\" class=\"d-flex h-flex-basis h-column__inner h-px-lg-2 h-px-md-2 h-px-2 v-inner-lg-2 v-inner-md-2 v-inner-2 style-674 style-local-1461-c16 position-relative\">\n              <!---->\n              <!---->\n              <div class=\"w-100 h-y-container h-column__content h-column__v-align flex-basis-100 align-self-lg-start align-self-md-start align-self-start\">\n                <!---->\n                <div data-colibri-id=\"1461-c17\" class=\"h-text h-text-component style-676 style-local-1461-c17 position-relative h-element\">\n                  <!---->\n                  <!---->\n                  <div class=\"\">\n                    <p>Kulturzeit, 3SAT \u00fcber die Buch-Ver\u00f6ffentlichung (21.12.2016)<\/p>\n                  <\/div>\n                <\/div>\n              <\/div>\n            <\/div>\n          <\/div>\n          <div class=\"h-column h-column-container d-flex h-col-lg-auto h-col-md-auto h-col-auto style-675-outer style-local-1461-c18-outer\">\n            <div data-colibri-id=\"1461-c18\" class=\"d-flex h-flex-basis h-column__inner h-px-lg-2 h-px-md-2 h-px-2 v-inner-lg-2 v-inner-md-2 v-inner-2 style-675 style-local-1461-c18 position-relative\">\n              <!---->\n              <!---->\n              <div class=\"w-100 h-y-container h-column__content h-column__v-align flex-basis-100 align-self-lg-center align-self-md-center align-self-center\">\n                <!---->\n                <div data-colibri-id=\"1461-c19\" class=\"h-x-container style-677 style-local-1461-c19 position-relative h-element\">\n                  <!---->\n                  <div class=\"h-x-container-inner style-dynamic-1461-c19-group style-677-spacing style-local-1461-c19-spacing\"><span class=\"h-button__outer style-678-outer style-local-1461-c20-outer d-inline-flex h-element\"><a h-use-smooth-scroll=\"true\" href=\"https:\/\/www.3sat.de\/kultur\/kulturzeit\/sing-inge-sing-100.html?mode=play&amp;obj=63853%C2%A0Beeindruckendes%20Portr\u00e4t!\"  data-colibri-id=\"1461-c20\" class=\"d-flex w-100 align-items-center h-button justify-content-lg-center justify-content-md-center justify-content-center style-678 style-local-1461-c20 position-relative\"><!----><!----> <span>Zum Beitrag<\/span><\/a>\n                    <\/span>\n                  <\/div>\n                <\/div>\n              <\/div>\n            <\/div>\n          <\/div>\n        <\/div>\n      <\/div>\n    <\/div>\n  <\/div>\n  <div data-colibri-component=\"section\" data-colibri-id=\"1461-c21\" id=\"custom\" class=\"h-section h-section-global-spacing d-flex align-items-lg-center align-items-md-center align-items-center style-1266 style-local-1461-c21 position-relative\">\n    <!---->\n    <!---->\n    <div class=\"h-section-grid-container h-section-boxed-container\">\n      <!---->\n      <div data-colibri-id=\"1461-c25\" class=\"h-row-container gutters-row-lg-2 gutters-row-md-2 gutters-row-0 gutters-row-v-lg-2 gutters-row-v-md-2 gutters-row-v-2 style-1270 style-local-1461-c25 position-relative\">\n        <!---->\n        <div class=\"h-row justify-content-lg-center justify-content-md-center justify-content-center align-items-lg-stretch align-items-md-stretch align-items-stretch gutters-col-lg-2 gutters-col-md-2 gutters-col-0 gutters-col-v-lg-2 gutters-col-v-md-2 gutters-col-v-2\">\n          <!---->\n          <div class=\"h-column h-column-container d-flex h-col-lg-auto h-col-md-auto h-col-auto style-1271-outer style-local-1461-c26-outer\">\n            <div data-colibri-id=\"1461-c26\" class=\"d-flex h-flex-basis h-column__inner h-px-lg-2 h-px-md-2 h-px-2 v-inner-lg-2 v-inner-md-2 v-inner-2 style-1271 style-local-1461-c26 position-relative\">\n              <!---->\n              <!---->\n              <div class=\"w-100 h-y-container h-column__content h-column__v-align flex-basis-100 align-self-lg-start align-self-md-start align-self-start\">\n                <!---->\n                <div data-colibri-id=\"1461-c27\" class=\"h-global-transition-all h-heading style-1272 style-local-1461-c27 position-relative h-element\">\n                  <!---->\n                  <div class=\"h-heading__outer style-1272 style-local-1461-c27\">\n                    <!---->\n                    <!---->\n                    <h3 class=\"\">Rezensionen<\/h3>\n                  <\/div>\n                <\/div>\n              <\/div>\n            <\/div>\n          <\/div>\n        <\/div>\n      <\/div>\n      <div data-colibri-id=\"1461-c22\" class=\"h-row-container gutters-row-lg-2 gutters-row-md-2 gutters-row-0 gutters-row-v-lg-2 gutters-row-v-md-2 gutters-row-v-2 style-1267 style-local-1461-c22 position-relative\">\n        <!---->\n        <div class=\"h-row justify-content-lg-center justify-content-md-center justify-content-center align-items-lg-stretch align-items-md-stretch align-items-stretch gutters-col-lg-2 gutters-col-md-2 gutters-col-0 gutters-col-v-lg-2 gutters-col-v-md-2 gutters-col-v-2\">\n          <!---->\n          <div class=\"h-column h-column-container d-flex h-col-lg-auto h-col-md-auto h-col-auto style-1268-outer style-local-1461-c23-outer\">\n            <div data-colibri-id=\"1461-c23\" class=\"d-flex h-flex-basis h-column__inner h-px-lg-2 h-px-md-2 h-px-2 v-inner-lg-2 v-inner-md-2 v-inner-2 style-1268 style-local-1461-c23 position-relative\">\n              <!---->\n              <!---->\n              <div class=\"w-100 h-y-container h-column__content h-column__v-align flex-basis-100 align-self-lg-start align-self-md-start align-self-start\">\n                <!---->\n                <div data-colibri-id=\"1461-c29\" class=\"d-block style-1274 style-local-1461-c29 position-relative h-element\">\n                  <!---->\n                  <div class=\"h-image__frame-container-outer\">\n                    <div class=\"h-image__frame-container\">\n                      <!---->\n                      <!---->\n                      <img loading=\"lazy\" decoding=\"async\" width=\"910\" height=\"645\" src=\"https:\/\/www.boettcher-film.de\/wp-content\/uploads\/2022\/12\/logo_aviva_gross.png\" class=\"wp-image-916 style-1274-image style-local-1461-c29-image\" alt=\"\" srcset=\"https:\/\/www.boettcher-film.de\/wp-content\/uploads\/2022\/12\/logo_aviva_gross.png 910w, https:\/\/www.boettcher-film.de\/wp-content\/uploads\/2022\/12\/logo_aviva_gross-300x213.png 300w, https:\/\/www.boettcher-film.de\/wp-content\/uploads\/2022\/12\/logo_aviva_gross-768x544.png 768w\" sizes=\"auto, (max-width: 910px) 100vw, 910px\" \/>\n                      <div class=\"h-image__frame h-hide-lg h-hide-md h-hide-sm style-1274-frameImage style-local-1461-c29-frameImage\"><\/div>\n                    <\/div>\n                  <\/div>\n                <\/div>\n              <\/div>\n            <\/div>\n          <\/div>\n          <div class=\"h-column h-column-container d-flex h-col-lg-auto h-col-md-auto h-col-auto style-1269-outer style-local-1461-c24-outer\">\n            <div data-colibri-id=\"1461-c24\" class=\"d-flex h-flex-basis h-column__inner h-px-lg-2 h-px-md-2 h-px-2 v-inner-lg-2 v-inner-md-2 v-inner-2 style-1269 style-local-1461-c24 position-relative\">\n              <!---->\n              <!---->\n              <div class=\"w-100 h-y-container h-column__content h-column__v-align flex-basis-100 align-self-lg-center align-self-md-center align-self-center\">\n                <!---->\n                <div data-colibri-id=\"1461-c28\" class=\"h-text h-text-component style-1273 style-local-1461-c28 position-relative h-element\">\n                  <!---->\n                  <!---->\n                  <div class=\"\">\n                    <p>\u201eManchmal l\u00e4sst uns ein Buch verletzt, traurig oder verwirrt zur\u00fcck. Es ist dann Aufgabe der so&nbsp;ber\u00fchrten Leserin herauszufinden, wo genau uns dieses Buch trifft. Die Biografie Inge&nbsp;Brandenburgs hat die Rezensentin traurig\n                      und gleichzeitig froh zur\u00fcckgelassen: traurig \u00fcber die&nbsp;Anstrengungen der S\u00e4ngerin, ihrer lieblosen und verletzenden Vergangenheit zu entfliehen&nbsp;und die Anerkennung zu finden, die sie verdient hat, froh dar\u00fcber, diese wunderbare\n                      Stimme und Interpretation von l\u00e4ngst bekannten und auch neuen Jazztiteln durch diese wunderbare&nbsp;S\u00e4ngerin wieder zu entdecken. (&#8230;) Eine ber\u00fchrende und gleichzeitig erhellende Lekt\u00fcre \u00fcber&nbsp;eine bemerkenswerte und gleichzeitig\n                      tragische Musikerin, die nicht nur f\u00fcr Musikfreundinnen&nbsp;spannend erz\u00e4hlt ist.&#8220;<\/p>\n                  <\/div>\n                <\/div>\n              <\/div>\n            <\/div>\n          <\/div>\n        <\/div>\n      <\/div>\n      <div data-colibri-id=\"1461-c30\" class=\"h-row-container gutters-row-lg-2 gutters-row-md-2 gutters-row-0 gutters-row-v-lg-2 gutters-row-v-md-2 gutters-row-v-2 style-1275 style-local-1461-c30 position-relative\">\n        <!---->\n        <div class=\"h-row justify-content-lg-center justify-content-md-center justify-content-center align-items-lg-stretch align-items-md-stretch align-items-stretch gutters-col-lg-2 gutters-col-md-2 gutters-col-0 gutters-col-v-lg-2 gutters-col-v-md-2 gutters-col-v-2\">\n          <!---->\n          <div class=\"h-column h-column-container d-flex h-col-lg-6 h-col-md-6 h-col-12 style-1276-outer style-local-1461-c31-outer\">\n            <div data-colibri-id=\"1461-c31\" class=\"d-flex h-flex-basis h-column__inner h-px-lg-2 h-px-md-2 h-px-2 v-inner-lg-2 v-inner-md-2 v-inner-2 style-1276 style-local-1461-c31 position-relative\">\n              <!---->\n              <!---->\n              <div class=\"w-100 h-y-container h-column__content h-column__v-align flex-basis-100 align-self-lg-center align-self-md-center align-self-center\">\n                <!---->\n                <div data-colibri-id=\"1461-c44\" class=\"d-block style-1289 style-local-1461-c44 position-relative h-element\">\n                  <!---->\n                  <div class=\"h-image__frame-container-outer\">\n                    <div class=\"h-image__frame-container\">\n                      <!---->\n                      <!---->\n                      <img decoding=\"async\" src=\"https:\/\/www.boettcher-film.de\/wp-content\/uploads\/2022\/12\/Just-for-Swing-300x60.png\" class=\"style-1289-image style-local-1461-c44-image\">\n                      <div class=\"h-image__frame h-hide-lg h-hide-md h-hide-sm style-1289-frameImage style-local-1461-c44-frameImage\"><\/div>\n                    <\/div>\n                  <\/div>\n                <\/div>\n              <\/div>\n            <\/div>\n          <\/div>\n          <div class=\"h-column h-column-container d-flex h-col-lg-6 h-col-md-6 h-col-12 style-1277-outer style-local-1461-c32-outer\">\n            <div data-colibri-id=\"1461-c32\" class=\"d-flex h-flex-basis h-column__inner h-px-lg-2 h-px-md-2 h-px-2 v-inner-lg-2 v-inner-md-2 v-inner-2 style-1277 style-local-1461-c32 position-relative\">\n              <!---->\n              <!---->\n              <div class=\"w-100 h-y-container h-column__content h-column__v-align flex-basis-100 align-self-lg-start align-self-md-start align-self-start\">\n                <!---->\n                <div data-colibri-id=\"1461-c42\" class=\"h-text h-text-component style-1287 style-local-1461-c42 position-relative h-element\">\n                  <!---->\n                  <!---->\n                  <div class=\"\">\n                    <p>\u201eMit dem reichlich bebilderten Buch ist dem Autor eine gut zu lesende, &nbsp;spannende und&nbsp;hochinteressante Mixtur aus biografischen Fakten, &nbsp;sozialgeschichtlichen Aspekten der fr\u00fchen&nbsp;Bundesrepublik und den Machenschaften\n                      des Musikgesch\u00e4fts gelungen. \u2013 Eine ausgewogene&nbsp;Charakterstudie der K\u00fcnstlerin, die den Leser oftmals zwischen Sympathie und &nbsp;Abscheu&nbsp;schwanken l\u00e4sst. Boettcher schildert sehr eindringlich und mit klaren &nbsp;Worten\n                      den ungeraden,&nbsp;mit vielen Steinen gepflasterten Lebensweg der &nbsp;K\u00fcnstlerin. Das liebevoll und inhaltlich&nbsp;aufwendig, akribisch recherchierte Buch &nbsp;ist mehr als die Erinnerungsarbeit an eine gro\u00dfe&nbsp;S\u00e4ngerin,\n                      der der wirkliche &nbsp;Ruhm verwehrt blieb und deren Leben viele verpasste Chancen \u2013&nbsp;unverschuldet aber auch verschuldet \u2013 aufzuweisen hat. Es schildert den Lesern die&nbsp;Schwierigkeiten, die ein kompromissloses Leben abseits\n                      des Mainstreams an&nbsp;Widerw\u00e4rtigkeiten mit sich bringen kann. Boettchers lobenswerte Arbeit kann man im Zeitalter&nbsp;der Beliebigkeit bei Bucherscheinungen nicht hoch genug &nbsp;w\u00fcrdigen.&#8220;<\/p>\n                  <\/div>\n                <\/div>\n              <\/div>\n            <\/div>\n          <\/div>\n        <\/div>\n      <\/div>\n      <div data-colibri-id=\"1461-c33\" class=\"h-row-container gutters-row-lg-2 gutters-row-md-2 gutters-row-0 gutters-row-v-lg-2 gutters-row-v-md-2 gutters-row-v-2 style-1278 style-local-1461-c33 position-relative\">\n        <!---->\n        <div class=\"h-row justify-content-lg-center justify-content-md-center justify-content-center align-items-lg-stretch align-items-md-stretch align-items-stretch gutters-col-lg-2 gutters-col-md-2 gutters-col-0 gutters-col-v-lg-2 gutters-col-v-md-2 gutters-col-v-2\">\n          <!---->\n          <div class=\"h-column h-column-container d-flex h-col-lg-6 h-col-md-6 h-col-12 style-1279-outer style-local-1461-c34-outer\">\n            <div data-colibri-id=\"1461-c34\" class=\"d-flex h-flex-basis h-column__inner h-px-lg-2 h-px-md-2 h-px-2 v-inner-lg-2 v-inner-md-2 v-inner-2 style-1279 style-local-1461-c34 position-relative\">\n              <!---->\n              <!---->\n              <div class=\"w-100 h-y-container h-column__content h-column__v-align flex-basis-100 align-self-lg-center align-self-md-center align-self-center\">\n                <!---->\n                <div data-colibri-id=\"1461-c45\" class=\"d-block style-1290 style-local-1461-c45 position-relative h-element\">\n                  <!---->\n                  <div class=\"h-image__frame-container-outer\">\n                    <div class=\"h-image__frame-container\">\n                      <!---->\n                      <!---->\n                      <img decoding=\"async\" src=\"https:\/\/www.boettcher-film.de\/wp-content\/uploads\/2022\/12\/Leipziger_Internet_Zeitung-300x43.gif\" class=\"style-1290-image style-local-1461-c45-image\">\n                      <div class=\"h-image__frame h-hide-lg h-hide-md h-hide-sm style-1290-frameImage style-local-1461-c45-frameImage\"><\/div>\n                    <\/div>\n                  <\/div>\n                <\/div>\n              <\/div>\n            <\/div>\n          <\/div>\n          <div class=\"h-column h-column-container d-flex h-col-lg-6 h-col-md-6 h-col-12 style-1280-outer style-local-1461-c35-outer\">\n            <div data-colibri-id=\"1461-c35\" class=\"d-flex h-flex-basis h-column__inner h-px-lg-2 h-px-md-2 h-px-2 v-inner-lg-2 v-inner-md-2 v-inner-2 style-1280 style-local-1461-c35 position-relative\">\n              <!---->\n              <!---->\n              <div class=\"w-100 h-y-container h-column__content h-column__v-align flex-basis-100 align-self-lg-center align-self-md-center align-self-center\">\n                <!---->\n                <div data-colibri-id=\"1461-c43\" class=\"h-text h-text-component style-1288 style-local-1461-c43 position-relative h-element\">\n                  <!---->\n                  <!---->\n                  <div class=\"\">\n                    <p>\u201eDas grandiose und niederlagenreiche Leben der S\u00e4ngerin Inge Brandenburg. Marc Boettcher hat das Schicksal der zu Unrecht Vergessenen aus dem Dunkel geholt. Dieses Buch nimmt Sie mit auf die Reise in das so von Ersch\u00fctterungen, Tr\u00e4umen\n                      und Entt\u00e4uschungen gepr\u00e4gte Leben. Eigentlich wundert man sich nicht mehr, warum das Musik-Business in Deutschland&nbsp;gr\u00f6\u00dftenteils derart banal, flach und verlogen ist.&#8220;<\/p>\n                  <\/div>\n                <\/div>\n              <\/div>\n            <\/div>\n          <\/div>\n        <\/div>\n      <\/div>\n    <\/div>\n  <\/div>\n<\/div>","protected":false},"excerpt":{"rendered":"<p>Sing! Inge, sing! Der zerbrochene Traum der Inge Brandenburg \u201eDetailliert und gut lesbar! (&#8230;) Ein geb\u00fchrendes Denkmal. Nicht nur Jazzfans werden den Zugang finden, sondern jeder der sich f\u00fcr Musiker interessiert, die Pers\u00f6nlichkeit zeigen!&#8220; (MDR Kultur) \u201eEin wichtiger Puzzlestein deutscher Jazzgeschichte.&#8220;(NDR INFO \u201ePlay Jazz&#8220;) \u201e&#8230;\u00fcberaus spannende Biografie der deutschen Jazzstimme!&#8220;&nbsp;(Swinging Hamburg Journal) \u201eEinf\u00fchlsam rekonstruiert Marc [&hellip;]<\/p>\n","protected":false},"author":1,"featured_media":0,"parent":0,"menu_order":0,"comment_status":"closed","ping_status":"closed","template":"page-templates\/full-width-page.php","meta":{"footnotes":""},"class_list":["post-1461","page","type-page","status-publish","hentry"],"_links":{"self":[{"href":"https:\/\/www.boettcher-film.de\/index.php?rest_route=\/wp\/v2\/pages\/1461","targetHints":{"allow":["GET"]}}],"collection":[{"href":"https:\/\/www.boettcher-film.de\/index.php?rest_route=\/wp\/v2\/pages"}],"about":[{"href":"https:\/\/www.boettcher-film.de\/index.php?rest_route=\/wp\/v2\/types\/page"}],"author":[{"embeddable":true,"href":"https:\/\/www.boettcher-film.de\/index.php?rest_route=\/wp\/v2\/users\/1"}],"replies":[{"embeddable":true,"href":"https:\/\/www.boettcher-film.de\/index.php?rest_route=%2Fwp%2Fv2%2Fcomments&post=1461"}],"version-history":[{"count":5,"href":"https:\/\/www.boettcher-film.de\/index.php?rest_route=\/wp\/v2\/pages\/1461\/revisions"}],"predecessor-version":[{"id":3718,"href":"https:\/\/www.boettcher-film.de\/index.php?rest_route=\/wp\/v2\/pages\/1461\/revisions\/3718"}],"wp:attachment":[{"href":"https:\/\/www.boettcher-film.de\/index.php?rest_route=%2Fwp%2Fv2%2Fmedia&parent=1461"}],"curies":[{"name":"wp","href":"https:\/\/api.w.org\/{rel}","templated":true}]}}