{"id":1480,"date":"2023-01-22T11:29:28","date_gmt":"2023-01-22T10:29:28","guid":{"rendered":"https:\/\/update.boettcher-film.de\/buch-alexandra\/"},"modified":"2026-02-18T16:00:00","modified_gmt":"2026-02-18T15:00:00","slug":"buch-alexandra","status":"publish","type":"page","link":"https:\/\/www.boettcher-film.de\/?page_id=1480","title":{"rendered":"Buch Alexandra"},"content":{"rendered":"<div data-colibri-id=\"1480-c1\" class=\"style-679 style-local-1480-c1 position-relative\">\n  <!---->\n  <div data-colibri-component=\"section\" data-colibri-id=\"1480-c2\" id=\"content\" class=\"h-section h-section-global-spacing d-flex align-items-lg-center align-items-md-center align-items-center style-680 style-local-1480-c2 position-relative\">\n    <!---->\n    <!---->\n    <div class=\"h-section-grid-container h-section-boxed-container\">\n      <div data-colibri-id=\"1480-c12\" class=\"h-row-container gutters-row-lg-2 gutters-row-md-2 gutters-row-2 gutters-row-v-lg-2 gutters-row-v-md-2 gutters-row-v-2 style-692 style-local-1480-c12 position-relative\">\n        <!---->\n        <div class=\"h-row justify-content-lg-center justify-content-md-center justify-content-center align-items-lg-stretch align-items-md-stretch align-items-stretch gutters-col-lg-2 gutters-col-md-2 gutters-col-2 gutters-col-v-lg-2 gutters-col-v-md-2 gutters-col-v-2\">\n          <!---->\n          <div class=\"h-column h-column-container d-flex h-col-lg-auto h-col-md-auto h-col-auto style-693-outer style-local-1480-c13-outer\">\n            <div data-colibri-id=\"1480-c13\" class=\"d-flex h-flex-basis h-column__inner h-ui-empty-state-container h-px-lg-2 h-px-md-2 h-px-2 v-inner-lg-2 v-inner-md-2 v-inner-2 style-693 style-local-1480-c13 position-relative\">\n              <!---->\n              <!---->\n              <div class=\"w-100 h-y-container h-column__content h-column__v-align flex-basis-100\">\n                <!---->\n              <\/div>\n            <\/div>\n          <\/div>\n        <\/div>\n      <\/div>\n      <div data-colibri-id=\"1480-c3\" class=\"h-row-container gutters-row-lg-2 gutters-row-md-2 gutters-row-2 gutters-row-v-lg-2 gutters-row-v-md-2 gutters-row-v-2 style-681 style-local-1480-c3 position-relative\">\n        <!---->\n        <div class=\"h-row justify-content-lg-center justify-content-md-center justify-content-center align-items-lg-stretch align-items-md-stretch align-items-stretch gutters-col-lg-2 gutters-col-md-2 gutters-col-2 gutters-col-v-lg-2 gutters-col-v-md-2 gutters-col-v-2\">\n          <!---->\n          <div class=\"h-column h-column-container d-flex h-col-lg-auto h-col-md-auto h-col-auto style-682-outer style-local-1480-c4-outer\">\n            <div data-colibri-id=\"1480-c4\" class=\"d-flex h-flex-basis h-column__inner h-px-lg-0 h-px-md-0 h-px-0 v-inner-lg-0 v-inner-md-0 v-inner-0 style-682 style-local-1480-c4 position-relative\">\n              <!---->\n              <!---->\n              <div class=\"w-100 h-y-container h-column__content h-column__v-align flex-basis-100 align-self-lg-start align-self-md-start align-self-start\">\n                <!---->\n                <div data-colibri-id=\"1480-c5\" class=\"h-row-container gutters-row-lg-3 gutters-row-md-3 gutters-row-2 gutters-row-v-lg-3 gutters-row-v-md-3 gutters-row-v-3 style-683 style-local-1480-c5 position-relative\">\n                  <!---->\n                  <div class=\"h-row justify-content-lg-center justify-content-md-center justify-content-center align-items-lg-stretch align-items-md-stretch align-items-stretch gutters-col-lg-3 gutters-col-md-3 gutters-col-2 gutters-col-v-lg-3 gutters-col-v-md-3 gutters-col-v-3\">\n                    <!---->\n                    <div class=\"h-column h-column-container d-flex h-col-lg-auto h-col-md-auto h-col-auto style-684-outer style-local-1480-c6-outer\">\n                      <div data-colibri-id=\"1480-c6\" class=\"d-flex h-flex-basis h-column__inner h-px-lg-2 h-px-md-2 h-px-2 v-inner-lg-2 v-inner-md-2 v-inner-2 style-684 style-local-1480-c6 position-relative\">\n                        <!---->\n                        <!---->\n                        <div class=\"w-100 h-y-container h-column__content h-column__v-align flex-basis-100 align-self-lg-center align-self-md-center align-self-center\">\n                          <!---->\n                          <div data-colibri-id=\"1480-c7\" class=\"h-global-transition-all h-heading style-685 style-local-1480-c7 position-relative h-element\">\n                            <!---->\n                            <div class=\"h-heading__outer style-685 style-local-1480-c7\">\n                              <!---->\n                              <!---->\n                              <h4 class=\"\">Rezensionen<\/h4>\n                            <\/div>\n                          <\/div>\n                          <div data-colibri-id=\"1480-c8\" class=\"h-text h-text-component style-686 style-local-1480-c8 position-relative h-element\">\n                            <!---->\n                            <!---->\n                            <div class=\"\">\n                              <p>\u201eWunderbares Buch!&#8220; (TAZ)<\/p>\n                              <p>\u201eMit sensibler Hand dokumentiert. (&#8230;)&nbsp;Ein St\u00fcck unvergessener Schlagergeschichte.&#8220;(L\u00fcbecker Nachrichten)&nbsp;<\/p>\n                              <p>\u201e&#8230;ein Dokument der Bewunderung.&#8220;&nbsp;(Der Spiegel)<\/p>\n                              <p>\u201e&#8230;eine kurze, aber bewegende Lebensgeschichte.&#8220;&nbsp;(BZ)<\/p>\n                              <p>\u201eAlexandra war irgendwie g\u00f6ttlich. Ihre melancholischen Lieder, ihre steile Karriere und der mysteri\u00f6se Tod geben gen\u00fcgend Stoff f\u00fcr eine deutsche Legende.&#8220;&nbsp;(ARD-Kulturreport)<\/p>\n                              <p>\u201e&#8230;sachlich und unpr\u00e4tenti\u00f6s, und doch l\u00e4\u00dft es erahnen, wie hart das Leben sein kann, wenn man in die M\u00fchlen des Showbusiness geraten ist.&#8220;&nbsp;(Dithmarsche Landeszeitung)<\/p>\n                              <p>\u201e&#8230;ein Bild, das niemand kannte. Ihre Person war voller Widerspr\u00fcche und Eigensinn, aber irgendwie begnadet. (&#8230;) Sie \u00fcberlebte als Legende, denn ihre Stimme l\u00e4\u00dft ahnen, die Sehnsucht ist st\u00e4rker als der Tod.&#8220;&nbsp;(NDR\n                                \u201eNordzeit)<\/p>\n                            <\/div>\n                          <\/div>\n                          <div data-colibri-id=\"1480-c9\" class=\"h-x-container style-1068 style-local-1480-c9 position-relative h-element\">\n                            <!---->\n                            <div class=\"h-x-container-inner style-dynamic-1480-c9-group style-1068-spacing style-local-1480-c9-spacing\"><span class=\"h-button__outer style-1069-outer style-local-1480-c10-outer d-inline-flex h-element\"><a h-use-smooth-scroll=\"true\" href=\"https:\/\/www.boettcher-film.de\/?page_id=1512\"  data-colibri-id=\"1480-c10\" class=\"d-flex w-100 align-items-center h-button justify-content-lg-center justify-content-md-center justify-content-center style-1069 style-local-1480-c10 position-relative\"><!----><!----> <span>weitere Rezensionen<\/span><\/a>\n                              <\/span>\n                            <\/div>\n                          <\/div>\n                        <\/div>\n                      <\/div>\n                    <\/div>\n                    <div class=\"h-column h-column-container d-flex h-col-lg-auto h-col-md-auto h-col-auto style-687-outer style-local-1480-c11-outer\">\n                      <div data-colibri-id=\"1480-c11\" class=\"d-flex h-flex-basis h-column__inner h-ui-empty-state-container h-px-lg-0 h-px-md-0 h-px-0 v-inner-lg-0 v-inner-md-0 v-inner-0 style-687 style-local-1480-c11 position-relative\">\n                        <!---->\n                        <!---->\n                        <div class=\"w-100 h-y-container h-column__content h-column__v-align flex-basis-100\">\n                          <!---->\n                        <\/div>\n                      <\/div>\n                    <\/div>\n                  <\/div>\n                <\/div>\n              <\/div>\n            <\/div>\n          <\/div>\n        <\/div>\n      <\/div>\n    <\/div>\n  <\/div>\n  <div data-colibri-component=\"section\" data-colibri-id=\"1480-c14\" id=\"overlappable\" class=\"h-section h-section-global-spacing d-flex align-items-lg-center align-items-md-center align-items-center style-1070 style-local-1480-c14 position-relative\">\n    <!---->\n    <!---->\n    <div class=\"h-section-grid-container h-section-boxed-container\">\n      <!---->\n      <div data-colibri-id=\"1480-c15\" class=\"h-row-container gutters-row-lg-0 gutters-row-md-0 gutters-row-0 gutters-row-v-lg-0 gutters-row-v-md-0 gutters-row-v-0 style-1071 style-local-1480-c15 position-relative\">\n        <!---->\n        <div class=\"h-row justify-content-lg-center justify-content-md-center justify-content-center align-items-lg-stretch align-items-md-stretch align-items-stretch gutters-col-lg-0 gutters-col-md-0 gutters-col-0 gutters-col-v-lg-0 gutters-col-v-md-0 gutters-col-v-0\">\n          <!---->\n          <div class=\"h-column h-column-container d-flex h-col-lg-auto h-col-md-auto h-col-auto style-1073-outer style-local-1480-c16-outer\">\n            <div data-colibri-id=\"1480-c16\" class=\"d-flex h-flex-basis h-column__inner h-px-lg-2 h-px-md-2 h-px-2 v-inner-lg-2 v-inner-md-2 v-inner-2 style-1073 style-local-1480-c16 position-relative\">\n              <!---->\n              <!---->\n              <div class=\"w-100 h-y-container h-column__content h-column__v-align flex-basis-100 align-self-lg-center align-self-md-center align-self-center\">\n                <!---->\n                <div data-colibri-id=\"1480-c17\" class=\"h-global-transition-all h-heading style-1074 style-local-1480-c17 position-relative h-element\">\n                  <!---->\n                  <div class=\"h-heading__outer style-1074 style-local-1480-c17\">\n                    <!---->\n                    <!---->\n                    <h4 class=\"\">Neuauflage<\/h4>\n                  <\/div>\n                <\/div>\n                <div data-colibri-id=\"1480-c18\" class=\"h-text h-text-component style-1075 style-local-1480-c18 position-relative h-element\">\n                  <!---->\n                  <!---->\n                  <div class=\"\">\n                    <p>\u00dcberarbeitete limitierte Neuauflage des vergriffenen gleichnamigen<\/p>\n                    <p>Knaur-Taschenbuches als Hardcover mit teilweise unver\u00f6ffentlichten Fotos, ausf\u00fchrlicher Diskographie sowie einer CD mit Alexandra sch\u00f6nsten Liedern und einem 12 min. Interview mit ihr.<\/p>\n                    <p>Ein zus\u00e4tzliches Kapitel gibt Auskunft \u00fcber die neuesten Erkenntnisse hinsichtlich ihres mysteri\u00f6sen Unfalltodes. (Parthas Verlag Berlin)<\/p>\n                    <p>\n                      <br>\n                    <\/p>\n                  <\/div>\n                <\/div>\n                <div data-colibri-id=\"1480-c19\" class=\"h-x-container style-1076 style-local-1480-c19 position-relative h-element\">\n                  <!---->\n                  <div class=\"h-x-container-inner style-dynamic-1480-c19-group style-1076-spacing style-local-1480-c19-spacing\"><span class=\"h-button__outer style-1077-outer style-local-1480-c20-outer d-inline-flex h-element\"><a h-use-smooth-scroll=\"true\" href=\"https:\/\/www.amazon.de\/Alexandra-Legende-einer-S\u00e4ngerin-Lieder\/dp\/3936324107\/ref=sr_1_3?__mk_de_DE=\u00c5M\u00c5\u017d\u00d5\u00d1&amp;dchild=1&amp;keywords=alexandra+die+legende+einer+s\u00e4ngerin&amp;qid=1615127045&amp;sr=8-3\"  data-colibri-id=\"1480-c20\" class=\"d-flex w-100 align-items-center h-button justify-content-lg-center justify-content-md-center justify-content-center style-1077 style-local-1480-c20 position-relative\"><!----><!----> <span>Buch kaufen<\/span><\/a>\n                    <\/span>\n                  <\/div>\n                <\/div>\n              <\/div>\n            <\/div>\n          <\/div>\n          <div class=\"h-column h-column-container d-flex h-col-lg-auto h-col-md-auto h-col-auto style-1078-outer style-local-1480-c21-outer\">\n            <div data-colibri-id=\"1480-c21\" class=\"d-flex h-flex-basis h-column__inner h-px-lg-0 h-px-md-0 h-px-0 v-inner-lg-0 v-inner-md-0 v-inner-0 style-1078 style-local-1480-c21 position-relative\">\n              <!---->\n              <!---->\n              <div class=\"w-100 h-y-container h-column__content h-column__v-align flex-basis-100 align-self-lg-center align-self-md-center align-self-center\">\n                <!---->\n                <div data-colibri-id=\"1480-c22\" class=\"d-block style-1088 style-local-1480-c22 position-relative h-element\">\n                  <!---->\n                  <div class=\"h-image__frame-container-outer\">\n                    <div class=\"h-image__frame-container\">\n                      <!---->\n                      <!---->\n                      <img decoding=\"async\" src=\"https:\/\/www.boettcher-film.de\/wp-content\/uploads\/2022\/12\/Alexandra-Die-Legende-einer-Saengerin-Buch-1-218x300.jpg\" class=\"style-1088-image style-local-1480-c22-image\">\n                      <div class=\"h-image__frame h-hide-lg h-hide-md h-hide-sm style-1088-frameImage style-local-1480-c22-frameImage\"><\/div>\n                    <\/div>\n                  <\/div>\n                <\/div>\n              <\/div>\n            <\/div>\n          <\/div>\n        <\/div>\n      <\/div>\n    <\/div>\n  <\/div>\n  <div data-colibri-component=\"section\" data-colibri-id=\"1480-c23\" id=\"about\" class=\"h-section h-section-global-spacing d-flex align-items-lg-center align-items-md-center align-items-center style-1059 style-local-1480-c23 position-relative\">\n    <!---->\n    <!---->\n    <div class=\"h-section-grid-container h-section-boxed-container\">\n      <!---->\n      <div data-colibri-id=\"1480-c24\" class=\"h-row-container gutters-row-lg-0 gutters-row-md-0 gutters-row-0 gutters-row-v-lg-0 gutters-row-v-md-0 gutters-row-v-0 style-1060 style-local-1480-c24 position-relative\">\n        <!---->\n        <div class=\"h-row justify-content-lg-center justify-content-md-center justify-content-center align-items-lg-stretch align-items-md-stretch align-items-stretch gutters-col-lg-0 gutters-col-md-0 gutters-col-0 gutters-col-v-lg-0 gutters-col-v-md-0 gutters-col-v-0\">\n          <!---->\n          <div class=\"h-column h-column-container d-flex h-col-lg-auto h-col-md-auto h-col-auto style-1061-outer style-local-1480-c25-outer\">\n            <div data-colibri-id=\"1480-c25\" class=\"d-flex h-flex-basis h-column__inner h-px-lg-0 h-px-md-0 h-px-0 v-inner-lg-0 v-inner-md-0 v-inner-0 style-1061 style-local-1480-c25 position-relative\">\n              <!---->\n              <!---->\n              <div class=\"w-100 h-y-container h-column__content h-column__v-align flex-basis-100 align-self-lg-center align-self-md-center align-self-center\">\n                <!---->\n                <div data-colibri-id=\"1480-c26\" class=\"h-global-transition-all h-heading style-1062 style-local-1480-c26 position-relative h-element\">\n                  <!---->\n                  <div class=\"h-heading__outer style-1062 style-local-1480-c26\">\n                    <!---->\n                    <!---->\n                    <h5 class=\"\">Interview<\/h5>\n                  <\/div>\n                <\/div>\n                <div data-colibri-id=\"1480-c27\" class=\"h-text h-text-component style-1064 style-local-1480-c27 position-relative h-element\">\n                  <!---->\n                  <!---->\n                  <div class=\"\">\n                    <p><span style=\"font-weight: 400; font-size: 16px; font-family: Lato; color: rgb(191, 234, 238);\">Marc Boettcher in &#8222;Menschen der Woche&#8220; mit Frank Elstner &#8211; 17.07.2004<\/span><\/p>\n                  <\/div>\n                <\/div>\n              <\/div>\n            <\/div>\n          <\/div>\n          <div class=\"h-column h-column-container d-flex h-col-lg-auto h-col-md-auto h-col-auto style-1065-outer style-local-1480-c28-outer\">\n            <div data-colibri-id=\"1480-c28\" class=\"d-flex h-flex-basis h-column__inner h-px-lg-0 h-px-md-0 h-px-0 v-inner-lg-0 v-inner-md-0 v-inner-0 style-1065 style-local-1480-c28 position-relative\">\n              <!---->\n              <!---->\n              <div class=\"w-100 h-y-container h-column__content h-column__v-align flex-basis-100 align-self-lg-center align-self-md-center align-self-start\">\n                <!---->\n                <div data-colibri-component=\"video\" data-colibri-id=\"1480-c29\" class=\"d-block h-video d-block h-video style-1066 style-local-1480-c29 position-relative h-element\">\n                  <!---->\n                  <!---->\n                  <div class=\"video-container position-relative\">\n                    <div class=\"h-global-transition-all ratio-inner\"><video class='h-video-main' controls ><source src=https:\/\/www.boettcher-film.de\/wp-content\/uploads\/2022\/12\/Alexandra_Legende-einer-Saengerin-Marc-Boettcher-Frank-Elstner-Menschen-1.mp4 type='video\/mp4' \/><\/video><\/div>\n                  <\/div>\n                <\/div>\n              <\/div>\n            <\/div>\n          <\/div>\n        <\/div>\n      <\/div>\n    <\/div>\n  <\/div>\n<\/div>","protected":false},"excerpt":{"rendered":"<p>Rezensionen \u201eWunderbares Buch!&#8220; (TAZ) \u201eMit sensibler Hand dokumentiert. (&#8230;)&nbsp;Ein St\u00fcck unvergessener Schlagergeschichte.&#8220;(L\u00fcbecker Nachrichten)&nbsp; \u201e&#8230;ein Dokument der Bewunderung.&#8220;&nbsp;(Der Spiegel) \u201e&#8230;eine kurze, aber bewegende Lebensgeschichte.&#8220;&nbsp;(BZ) \u201eAlexandra war irgendwie g\u00f6ttlich. Ihre melancholischen Lieder, ihre steile Karriere und der mysteri\u00f6se Tod geben gen\u00fcgend Stoff f\u00fcr eine deutsche Legende.&#8220;&nbsp;(ARD-Kulturreport) \u201e&#8230;sachlich und unpr\u00e4tenti\u00f6s, und doch l\u00e4\u00dft es erahnen, wie hart das [&hellip;]<\/p>\n","protected":false},"author":1,"featured_media":0,"parent":0,"menu_order":0,"comment_status":"closed","ping_status":"closed","template":"page-templates\/full-width-page.php","meta":{"footnotes":""},"class_list":["post-1480","page","type-page","status-publish","hentry"],"_links":{"self":[{"href":"https:\/\/www.boettcher-film.de\/index.php?rest_route=\/wp\/v2\/pages\/1480","targetHints":{"allow":["GET"]}}],"collection":[{"href":"https:\/\/www.boettcher-film.de\/index.php?rest_route=\/wp\/v2\/pages"}],"about":[{"href":"https:\/\/www.boettcher-film.de\/index.php?rest_route=\/wp\/v2\/types\/page"}],"author":[{"embeddable":true,"href":"https:\/\/www.boettcher-film.de\/index.php?rest_route=\/wp\/v2\/users\/1"}],"replies":[{"embeddable":true,"href":"https:\/\/www.boettcher-film.de\/index.php?rest_route=%2Fwp%2Fv2%2Fcomments&post=1480"}],"version-history":[{"count":17,"href":"https:\/\/www.boettcher-film.de\/index.php?rest_route=\/wp\/v2\/pages\/1480\/revisions"}],"predecessor-version":[{"id":3746,"href":"https:\/\/www.boettcher-film.de\/index.php?rest_route=\/wp\/v2\/pages\/1480\/revisions\/3746"}],"wp:attachment":[{"href":"https:\/\/www.boettcher-film.de\/index.php?rest_route=%2Fwp%2Fv2%2Fmedia&parent=1480"}],"curies":[{"name":"wp","href":"https:\/\/api.w.org\/{rel}","templated":true}]}}