{"id":1540,"date":"2023-01-22T12:18:04","date_gmt":"2023-01-22T11:18:04","guid":{"rendered":"https:\/\/update.boettcher-film.de\/buch-bert-kaempfert\/"},"modified":"2023-03-12T16:27:29","modified_gmt":"2023-03-12T15:27:29","slug":"buch-bert-kaempfert","status":"publish","type":"page","link":"https:\/\/www.boettcher-film.de\/?page_id=1540","title":{"rendered":"Buch Bert Kaempfert"},"content":{"rendered":"<div data-colibri-id=\"1540-c1\" class=\"style-744 style-local-1540-c1 position-relative\">\n  <!---->\n  <div data-colibri-component=\"section\" data-colibri-id=\"1540-c2\" id=\"about\" class=\"h-section h-section-global-spacing d-flex align-items-lg-center align-items-md-center align-items-center style-754 style-local-1540-c2 position-relative\">\n    <!---->\n    <!---->\n    <div class=\"h-section-grid-container h-section-boxed-container\">\n      <!---->\n      <div data-colibri-id=\"1540-c3\" class=\"h-row-container gutters-row-lg-2 gutters-row-md-2 gutters-row-2 gutters-row-v-lg-2 gutters-row-v-md-2 gutters-row-v-2 style-755 style-local-1540-c3 position-relative\">\n        <!---->\n        <div class=\"h-row justify-content-lg-center justify-content-md-center justify-content-center align-items-lg-stretch align-items-md-stretch align-items-stretch gutters-col-lg-2 gutters-col-md-2 gutters-col-2 gutters-col-v-lg-2 gutters-col-v-md-2 gutters-col-v-2\">\n          <!---->\n          <div class=\"h-column h-column-container d-flex h-col-lg-auto h-col-md-auto h-col-auto style-756-outer style-local-1540-c4-outer\">\n            <div data-colibri-id=\"1540-c4\" class=\"d-flex h-flex-basis h-column__inner h-px-lg-2 h-px-md-2 h-px-2 v-inner-lg-2 v-inner-md-2 v-inner-2 style-756 style-local-1540-c4 position-relative\">\n              <!---->\n              <!---->\n              <div class=\"w-100 h-y-container h-column__content h-column__v-align flex-basis-100 align-self-lg-center align-self-md-center align-self-center\">\n                <!---->\n                <div data-colibri-id=\"1540-c5\" class=\"h-global-transition-all h-heading style-758 style-local-1540-c5 position-relative h-element\">\n                  <!---->\n                  <div class=\"h-heading__outer style-758 style-local-1540-c5\">\n                    <!---->\n                    <!---->\n                    <h2 class=\"\">Bert Kaempfert<\/h2>\n                  <\/div>\n                <\/div>\n                <div data-colibri-id=\"1540-c6\" class=\"h-text h-text-component style-759 style-local-1540-c6 position-relative h-element\">\n                  <!---->\n                  <!---->\n                  <div class=\"\">\n                    <p>\u201eBoettchers Buch ist ein Muss f\u00fcr Musikfreunde!&#8220; (Westf\u00e4lischer Anzeiger)<\/p>\n                  <\/div>\n                <\/div>\n                <div data-colibri-id=\"1540-c7\" class=\"h-text h-text-component style-759 style-local-1540-c7 position-relative h-element\">\n                  <!---->\n                  <!---->\n                  <div class=\"\">\n                    <p>\u201eIn diesem intensiv recherchierten und lesenswerten Buch hat Marc Boettcher, nicht ohne erheblichen Widerstand der an der Bert-Kaempfert-Story Beteiligten, eine bemerkenswerte Studie vorgelegt. Allen Musikfreunden zu empfehlen!&#8220;&nbsp;(Swinging\n                      Hamburg Journal)<\/p>\n                  <\/div>\n                <\/div>\n                <div data-colibri-id=\"1540-c8\" class=\"h-text h-text-component style-759 style-local-1540-c8 position-relative h-element\">\n                  <!---->\n                  <!---->\n                  <div class=\"\">\n                    <p>\u201eRundum gelungen. (&#8230;) Dies ist die l\u00e4ngst \u00fcberf\u00e4llige, informativ-unterhaltsame Aufarbeitung eines St\u00fcckes deutscher Musikgeschichte auf Weltniveau ohne plumpen Voyeurismus.&#8220;&nbsp;(Good Times)<\/p>\n                  <\/div>\n                <\/div>\n                <div data-colibri-id=\"1540-c9\" class=\"h-text h-text-component style-759 style-local-1540-c9 position-relative h-element\">\n                  <!---->\n                  <!---->\n                  <div class=\"\">\n                    <p>\u201eEin von vielen Animosit\u00e4ten gepr\u00e4gtes Kapitel zur deutsch-amerikanischen Unterhaltungsmusikgeschichte.&#8220;&nbsp;(Jazz-Zeitung)<\/p>\n                  <\/div>\n                <\/div>\n                <div data-colibri-id=\"1540-c10\" class=\"h-text h-text-component style-759 style-local-1540-c10 position-relative h-element\">\n                  <!---->\n                  <!---->\n                  <div class=\"\">\n                    <p>\u201eVerfasst im locker plaudernden Reporterton, f\u00e4chert Boettcher eine Menge Fakten, Anekdoten und Zitate auf, die aus verschiedenen Blickwinkeln dem Menschen Bert Kaempfert und seinem sozialen Hintergrund Profil geben. Stranger In The\n                      Night bietet ein unterhaltsames und detailliertes Bild nicht nur Kaempferts, sondern auch der Popgeschichte der letzten 50 Jahre.&#8220;&nbsp;(Der Spiegel)<\/p>\n                  <\/div>\n                <\/div>\n                <div data-colibri-id=\"1540-c11\" class=\"h-text h-text-component style-759 style-local-1540-c11 position-relative h-element\">\n                  <!---->\n                  <!---->\n                  <div class=\"\">\n                    <p>\u201eBoettcher versteht es, die schwierige Gratwanderung zwischen Illustrierten-Schl\u00fcsselloch-Perspektive und der im Rahmen einer Biographie erwarteten Detailschilderung unbeschadet zu absolvieren und arbeitet so im Sinne des Portraitierten,\n                      der es stets vermieden hat, sein Privatleben auf dem fragw\u00fcrdigen Niveau der Illustrierten auszubreiten. Eine Biographie mit Tiefgang!&#8220; (m-Hit-service)<\/p>\n                  <\/div>\n                <\/div>\n              <\/div>\n            <\/div>\n          <\/div>\n          <div class=\"h-column h-column-container d-flex h-col-lg-auto h-col-md-auto h-col-auto style-762-outer style-local-1540-c12-outer\">\n            <div data-colibri-id=\"1540-c12\" class=\"d-flex h-flex-basis h-column__inner h-px-lg-2 h-px-md-2 h-px-2 v-inner-lg-2 v-inner-md-2 v-inner-2 style-762 style-local-1540-c12 position-relative\">\n              <!---->\n              <!---->\n              <div class=\"w-100 h-y-container h-column__content h-column__v-align flex-basis-100 align-self-lg-center align-self-md-center align-self-center\">\n                <!---->\n                <div data-colibri-id=\"1540-c13\" class=\"d-block style-763 style-local-1540-c13 position-relative h-element\">\n                  <!---->\n                  <div class=\"h-image__frame-container-outer\">\n                    <div class=\"h-image__frame-container\">\n                      <!---->\n                      <!---->\n                      <img loading=\"lazy\" decoding=\"async\" width=\"1643\" height=\"2425\" src=\"https:\/\/www.boettcher-film.de\/wp-content\/uploads\/2022\/12\/Bert-Kaempfert-Stranger-in-the-night-Buch.png\" class=\"wp-image-273 style-763-image style-local-1540-c13-image\" alt=\"\" srcset=\"https:\/\/www.boettcher-film.de\/wp-content\/uploads\/2022\/12\/Bert-Kaempfert-Stranger-in-the-night-Buch.png 1643w, https:\/\/www.boettcher-film.de\/wp-content\/uploads\/2022\/12\/Bert-Kaempfert-Stranger-in-the-night-Buch-203x300.png 203w, https:\/\/www.boettcher-film.de\/wp-content\/uploads\/2022\/12\/Bert-Kaempfert-Stranger-in-the-night-Buch-694x1024.png 694w, https:\/\/www.boettcher-film.de\/wp-content\/uploads\/2022\/12\/Bert-Kaempfert-Stranger-in-the-night-Buch-768x1134.png 768w, https:\/\/www.boettcher-film.de\/wp-content\/uploads\/2022\/12\/Bert-Kaempfert-Stranger-in-the-night-Buch-1041x1536.png 1041w, https:\/\/www.boettcher-film.de\/wp-content\/uploads\/2022\/12\/Bert-Kaempfert-Stranger-in-the-night-Buch-1388x2048.png 1388w\" sizes=\"auto, (max-width: 1643px) 100vw, 1643px\" \/>\n                      <div class=\"h-image__frame h-hide-sm style-763-frameImage style-local-1540-c13-frameImage\"><\/div>\n                    <\/div>\n                  <\/div>\n                <\/div>\n              <\/div>\n            <\/div>\n          <\/div>\n        <\/div>\n      <\/div>\n    <\/div>\n  <\/div>\n<\/div>","protected":false},"excerpt":{"rendered":"<p>Bert Kaempfert \u201eBoettchers Buch ist ein Muss f\u00fcr Musikfreunde!&#8220; (Westf\u00e4lischer Anzeiger) \u201eIn diesem intensiv recherchierten und lesenswerten Buch hat Marc Boettcher, nicht ohne erheblichen Widerstand der an der Bert-Kaempfert-Story Beteiligten, eine bemerkenswerte Studie vorgelegt. Allen Musikfreunden zu empfehlen!&#8220;&nbsp;(Swinging Hamburg Journal) \u201eRundum gelungen. (&#8230;) Dies ist die l\u00e4ngst \u00fcberf\u00e4llige, informativ-unterhaltsame Aufarbeitung eines St\u00fcckes deutscher Musikgeschichte auf [&hellip;]<\/p>\n","protected":false},"author":1,"featured_media":0,"parent":0,"menu_order":0,"comment_status":"closed","ping_status":"closed","template":"page-templates\/full-width-page.php","meta":{"footnotes":""},"class_list":["post-1540","page","type-page","status-publish","hentry"],"_links":{"self":[{"href":"https:\/\/www.boettcher-film.de\/index.php?rest_route=\/wp\/v2\/pages\/1540","targetHints":{"allow":["GET"]}}],"collection":[{"href":"https:\/\/www.boettcher-film.de\/index.php?rest_route=\/wp\/v2\/pages"}],"about":[{"href":"https:\/\/www.boettcher-film.de\/index.php?rest_route=\/wp\/v2\/types\/page"}],"author":[{"embeddable":true,"href":"https:\/\/www.boettcher-film.de\/index.php?rest_route=\/wp\/v2\/users\/1"}],"replies":[{"embeddable":true,"href":"https:\/\/www.boettcher-film.de\/index.php?rest_route=%2Fwp%2Fv2%2Fcomments&post=1540"}],"version-history":[{"count":5,"href":"https:\/\/www.boettcher-film.de\/index.php?rest_route=\/wp\/v2\/pages\/1540\/revisions"}],"predecessor-version":[{"id":2728,"href":"https:\/\/www.boettcher-film.de\/index.php?rest_route=\/wp\/v2\/pages\/1540\/revisions\/2728"}],"wp:attachment":[{"href":"https:\/\/www.boettcher-film.de\/index.php?rest_route=%2Fwp%2Fv2%2Fmedia&parent=1540"}],"curies":[{"name":"wp","href":"https:\/\/api.w.org\/{rel}","templated":true}]}}