{"id":1629,"date":"2023-02-18T12:53:26","date_gmt":"2023-02-18T11:53:26","guid":{"rendered":"https:\/\/update.boettcher-film.de\/musikproduktion-belina\/"},"modified":"2023-03-07T20:37:55","modified_gmt":"2023-03-07T19:37:55","slug":"musikproduktion-belina","status":"publish","type":"page","link":"https:\/\/www.boettcher-film.de\/?page_id=1629","title":{"rendered":"Musikproduktion &#8211; Belina"},"content":{"rendered":"<div data-colibri-id=\"1629-c1\" class=\"style-807 style-local-1629-c1 position-relative\">\n  <!---->\n  <div data-colibri-component=\"section\" data-colibri-id=\"1629-c2\" id=\"reusable-sections\" class=\"h-section h-section-global-spacing d-flex align-items-lg-center align-items-md-center align-items-center style-808 style-local-1629-c2 position-relative\">\n    <!---->\n    <!---->\n    <div class=\"h-section-grid-container h-section-boxed-container\">\n      <!---->\n      <div data-colibri-id=\"1629-c3\" class=\"h-row-container gutters-row-lg-0 gutters-row-md-0 gutters-row-0 gutters-row-v-lg-0 gutters-row-v-md-0 gutters-row-v-0 style-809 style-local-1629-c3 position-relative\">\n        <!---->\n        <div class=\"h-row justify-content-lg-center justify-content-md-center justify-content-center align-items-lg-stretch align-items-md-stretch align-items-stretch gutters-col-lg-0 gutters-col-md-0 gutters-col-0 gutters-col-v-lg-0 gutters-col-v-md-0 gutters-col-v-0\">\n          <!---->\n          <div class=\"h-column h-column-container d-flex h-col-lg-auto h-col-md-auto h-col-auto style-810-outer style-local-1629-c4-outer\">\n            <div data-colibri-id=\"1629-c4\" class=\"d-flex h-flex-basis h-column__inner h-px-lg-2 h-px-md-2 h-px-2 v-inner-lg-2 v-inner-md-2 v-inner-2 style-810 style-local-1629-c4 position-relative\">\n              <!---->\n              <!---->\n              <div class=\"w-100 h-y-container h-column__content h-column__v-align flex-basis-100 align-self-lg-center align-self-md-center align-self-center\">\n                <!---->\n                <div data-colibri-id=\"1629-c5\" class=\"d-block style-811 style-local-1629-c5 position-relative h-element\">\n                  <!---->\n                  <div class=\"h-image__frame-container-outer\">\n                    <div class=\"h-image__frame-container\">\n                      <!---->\n                      <!---->\n                      <img loading=\"lazy\" decoding=\"async\" width=\"1200\" height=\"1200\" src=\"https:\/\/www.boettcher-film.de\/wp-content\/uploads\/2022\/12\/Belina-CD-Cover.jpg\" class=\"wp-image-259 style-811-image style-local-1629-c5-image\" alt=\"\" srcset=\"https:\/\/www.boettcher-film.de\/wp-content\/uploads\/2022\/12\/Belina-CD-Cover.jpg 1200w, https:\/\/www.boettcher-film.de\/wp-content\/uploads\/2022\/12\/Belina-CD-Cover-300x300.jpg 300w, https:\/\/www.boettcher-film.de\/wp-content\/uploads\/2022\/12\/Belina-CD-Cover-1024x1024.jpg 1024w, https:\/\/www.boettcher-film.de\/wp-content\/uploads\/2022\/12\/Belina-CD-Cover-150x150.jpg 150w, https:\/\/www.boettcher-film.de\/wp-content\/uploads\/2022\/12\/Belina-CD-Cover-768x768.jpg 768w\" sizes=\"auto, (max-width: 1200px) 100vw, 1200px\" \/>\n                      <div class=\"h-image__frame h-hide-lg h-hide-md h-hide-sm style-811-frameImage style-local-1629-c5-frameImage\"><\/div>\n                    <\/div>\n                  <\/div>\n                <\/div>\n              <\/div>\n            <\/div>\n          <\/div>\n          <div class=\"h-column h-column-container d-flex h-col-lg-auto h-col-md-auto h-col-auto style-810-outer style-local-1629-c6-outer\">\n            <div data-colibri-id=\"1629-c6\" class=\"d-flex h-flex-basis h-column__inner h-px-lg-2 h-px-md-2 h-px-2 v-inner-lg-2 v-inner-md-2 v-inner-2 style-810 style-local-1629-c6 position-relative\">\n              <!---->\n              <!---->\n              <div class=\"w-100 h-y-container h-column__content h-column__v-align flex-basis-100 align-self-lg-center align-self-md-center align-self-center\">\n                <!---->\n                <div data-colibri-id=\"1629-c7\" class=\"h-global-transition-all h-heading style-812 style-local-1629-c7 position-relative h-element\">\n                  <!---->\n                  <div class=\"h-heading__outer style-812 style-local-1629-c7\">\n                    <!---->\n                    <!---->\n                    <h3 class=\"\"><span style=\"font-family: &quot;Open Sans&quot;;\">Belina \u2013 Music For Peace<\/span><\/h3>\n                  <\/div>\n                <\/div>\n                <div data-colibri-id=\"1629-c8\" class=\"h-text h-text-component style-816 style-local-1629-c8 position-relative h-element\">\n                  <!---->\n                  <!---->\n                  <div class=\"\">\n                    <p>\u201eEs geht unter die Haut. &#8211; Beispiellos!&#8220;&nbsp;<em>(MDR Kultur, Heidi Eichenberg)<\/em><\/p>\n                  <\/div>\n                <\/div>\n                <div data-colibri-id=\"1629-c9\" class=\"h-text h-text-component style-816 style-local-1629-c9 position-relative h-element\">\n                  <!---->\n                  <!---->\n                  <div class=\"\">\n                    <p>\u201eDieses Album ist eine emotionale Reise und Anlass f\u00fcr lange, nicht nur musikalische Reflexionen.&nbsp;<em>(Jazz Fun)<\/em><\/p>\n                  <\/div>\n                <\/div>\n                <div data-colibri-id=\"1629-c10\" class=\"h-text h-text-component style-816 style-local-1629-c10 position-relative h-element\">\n                  <!---->\n                  <!---->\n                  <div class=\"\">\n                    <p>\u201eDas Album vermittelt einen \u00fcberzeugenden Eindruck von der gro\u00dfartigen warmen Stimme der S\u00e4ngerin, vom Umfang ihres weitgef\u00e4cherten Repertoires, von der Authentizit\u00e4t, mit der sie ihre musikalische Botschaft vortrug.&#8220;&nbsp;<em>(Neue Musikzeitung NMZ, Dietrich Schlegel)<\/em><\/p>\n                  <\/div>\n                <\/div>\n                <div data-colibri-id=\"1629-c11\" class=\"h-text h-text-component style-816 style-local-1629-c11 position-relative h-element\">\n                  <!---->\n                  <!---->\n                  <div class=\"\">\n                    <p>\u201eDas ist zeitlose Musik, die emotional ber\u00fchrt, gro\u00dfe Momente hat und die bewusst macht, dass Musik ein gro\u00dfer Heiler ist.&nbsp;<em>(Just For Swing, Detlef A. Ott)<\/em><\/p>\n                  <\/div>\n                <\/div>\n                <div data-colibri-id=\"1629-c12\" class=\"h-text h-text-component style-816 style-local-1629-c12 position-relative h-element\">\n                  <!---->\n                  <!---->\n                  <div class=\"\">\n                    <p>\u201eDie offizielle Wiederentdeckung der ambitionierten Weltmusik-Interpretin Belina, die damals wie heute erneut mit ihren authentischen und ausdrucksstarken Songs eine gro\u00dfe Fangemeinde finden d\u00fcrfte.&#8220;&nbsp;<em>(Fono Forum)<\/em><\/p>\n                  <\/div>\n                <\/div>\n                <div data-colibri-id=\"1629-c13\" class=\"h-text h-text-component style-816 style-local-1629-c13 position-relative h-element\">\n                  <!---->\n                  <!---->\n                  <div class=\"\">\n                    <h5>Der Soundtrack zum Film &#8222;BELINA &#8211; MUSIC FOR PEACE&#8220;!<\/h5>\n                    <p>Im Handel! &#8211; 22 der sch\u00f6nsten Songs, aufwendig remastered, darunter drei Erstver\u00f6ffentlichungen, geben einen Vorgeschmack auf die in diesem Jahr anstehende Premiere des Filmportr\u00e4ts zum 15. Todestag der polnisch-j\u00fcdischen Weltmusik-Interpretin\n                      BELINA am 12. Dezember 2021.<\/p>\n                    <p>\n                      <br>\n                    <\/p>\n                  <\/div>\n                <\/div>\n                <div data-colibri-id=\"1629-c14\" class=\"h-x-container style-842 style-local-1629-c14 position-relative h-element\">\n                  <!---->\n                  <div class=\"h-x-container-inner style-dynamic-1629-c14-group style-842-spacing style-local-1629-c14-spacing\"><span class=\"h-button__outer style-843-outer style-local-1629-c15-outer d-inline-flex h-element\"><a h-use-smooth-scroll=\"true\" href=\"https:\/\/www.amazon.de\/Music-Peace-Belina\/dp\/B08PJMS13T\/ref=sr_1_1?__mk_de_DE=\u00c5M\u00c5\u017d\u00d5\u00d1&amp;dchild=1&amp;keywords=belina&amp;qid=1614889886&amp;sr=8-1\"  data-colibri-id=\"1629-c15\" class=\"d-flex w-100 align-items-center h-button justify-content-lg-center justify-content-md-center justify-content-center style-843 style-local-1629-c15 position-relative\"><!----><!----> <span>Jetzt kaufen<\/span><\/a>\n                    <\/span>\n                  <\/div>\n                <\/div>\n              <\/div>\n            <\/div>\n          <\/div>\n          <div class=\"h-column h-column-container d-flex h-col-lg-auto h-col-md-auto h-col-auto style-810-outer style-local-1629-c16-outer\">\n            <div data-colibri-id=\"1629-c16\" class=\"d-flex h-flex-basis h-column__inner h-px-lg-2 h-px-md-2 h-px-2 v-inner-lg-2 v-inner-md-2 v-inner-2 style-810 style-local-1629-c16 position-relative\">\n              <!---->\n              <!---->\n              <div class=\"w-100 h-y-container h-column__content h-column__v-align flex-basis-100 align-self-lg-center align-self-md-center align-self-center\">\n                <!---->\n                <div data-colibri-id=\"1629-c17\" class=\"h-global-transition-all h-heading style-812 style-local-1629-c17 position-relative h-element\">\n                  <!---->\n                  <div class=\"h-heading__outer style-812 style-local-1629-c17\">\n                    <!---->\n                    <!---->\n                    <h3 class=\"\">Songlist<\/h3>\n                  <\/div>\n                <\/div>\n              <\/div>\n            <\/div>\n          <\/div>\n          <div class=\"h-column h-column-container d-flex h-col-lg-auto h-col-md-auto h-col-auto style-850-outer style-local-1629-c18-outer\">\n            <div data-colibri-id=\"1629-c18\" class=\"d-flex h-flex-basis h-column__inner h-px-lg-2 h-px-md-2 h-px-2 v-inner-lg-2 v-inner-md-2 v-inner-2 style-850 style-local-1629-c18 position-relative\">\n              <!---->\n              <!---->\n              <div class=\"w-100 h-y-container h-column__content h-column__v-align flex-basis-100 align-self-lg-start align-self-md-start align-self-start\">\n                <!---->\n                <div data-colibri-id=\"1629-c28\" class=\"d-block style-1029 style-local-1629-c28 position-relative h-element\">\n                  <!---->\n                  <div class=\"h-image__frame-container-outer\">\n                    <div class=\"h-image__frame-container\">\n                      <!---->\n                      <!---->\n                      <img loading=\"lazy\" decoding=\"async\" width=\"980\" height=\"956\" src=\"https:\/\/www.boettcher-film.de\/wp-content\/uploads\/2023\/02\/026d5e_88376ba7daf04906b3346456d57a9ed7mv2.jpg-5.webp\" class=\"wp-image-1653 style-1029-image style-local-1629-c28-image\" alt=\"\" srcset=\"https:\/\/www.boettcher-film.de\/wp-content\/uploads\/2023\/02\/026d5e_88376ba7daf04906b3346456d57a9ed7mv2.jpg-5.webp 980w, https:\/\/www.boettcher-film.de\/wp-content\/uploads\/2023\/02\/026d5e_88376ba7daf04906b3346456d57a9ed7mv2.jpg-5-300x293.webp 300w, https:\/\/www.boettcher-film.de\/wp-content\/uploads\/2023\/02\/026d5e_88376ba7daf04906b3346456d57a9ed7mv2.jpg-5-768x749.webp 768w\" sizes=\"auto, (max-width: 980px) 100vw, 980px\" \/>\n                      <div class=\"h-image__frame h-hide-lg h-hide-md h-hide-sm style-1029-frameImage style-local-1629-c28-frameImage\"><\/div>\n                    <\/div>\n                  <\/div>\n                <\/div>\n              <\/div>\n            <\/div>\n          <\/div>\n        <\/div>\n      <\/div>\n      <div data-colibri-id=\"1629-c20\" class=\"h-row-container gutters-row-lg-0 gutters-row-md-0 gutters-row-0 gutters-row-v-lg-0 gutters-row-v-md-0 gutters-row-v-0 style-820 style-local-1629-c20 position-relative\">\n        <!---->\n        <div class=\"h-row justify-content-lg-center justify-content-md-center justify-content-center align-items-lg-stretch align-items-md-stretch align-items-stretch gutters-col-lg-0 gutters-col-md-0 gutters-col-0 gutters-col-v-lg-0 gutters-col-v-md-0 gutters-col-v-0\">\n          <!---->\n          <div class=\"h-column h-column-container d-flex h-col-lg-6 h-col-md-6 h-col-12 style-810-outer style-local-1629-c21-outer\">\n            <div data-colibri-id=\"1629-c21\" class=\"d-flex h-flex-basis h-column__inner h-px-lg-0 h-px-md-0 h-px-0 v-inner-lg-0 v-inner-md-0 v-inner-0 style-810 style-local-1629-c21 position-relative\">\n              <!---->\n              <!---->\n              <div class=\"w-100 h-y-container h-column__content h-column__v-align flex-basis-100 align-self-lg-center align-self-md-center align-self-center\">\n                <!---->\n                <div data-colibri-id=\"1629-c22\" class=\"h-x-container style-854 style-local-1629-c22 position-relative h-element\">\n                  <!---->\n                  <div class=\"h-x-container-inner style-dynamic-1629-c22-group style-854-spacing style-local-1629-c22-spacing\"><span class=\"h-link__outer style-855-outer style-local-1629-c23-outer d-inline-flex h-element\"><a h-use-smooth-scroll=\"true\" href=\"https:\/\/update.boettcher-film.de\/wp-content\/uploads\/2023\/02\/Belina-Kwari-Kwari-Banana.mp3\" data-default-type=\"iframe\" data-fancybox=\"section-group-f38evtHgcWHqat76QBULQA\"  data-colibri-id=\"1629-c23\" class=\"d-flex w-100 align-items-center h-link style-855 style-local-1629-c23 position-relative\"><!----><span  class=\"h-svg-icon h-link__icon style-855-icon style-local-1629-c23-icon\"><!--Icon by Font Awesome (https:\/\/fontawesome.com)-->\n    <svg version=\"1.1\" xmlns=\"http:\/\/www.w3.org\/2000\/svg\" xmlns:xlink=\"http:\/\/www.w3.org\/1999\/xlink\" id=\"music\" viewBox=\"0 0 1536 1896.0833\">\n      <path d=\"M1536 224v1120q0 50-34 89t-86 60.5-103.5 32-96.5 10.5-96.5-10.5-103.5-32-86-60.5-34-89 34-89 86-60.5 103.5-32 96.5-10.5q105 0 192 39V654L640 891v709q0 50-34 89t-86 60.5-103.5 32T320 1792t-96.5-10.5-103.5-32-86-60.5-34-89 34-89 86-60.5 103.5-32T320 1408q105 0 192 39V480q0-31 19-56.5t49-35.5l832-256q12-4 28-4 40 0 68 28t28 68z\"><\/path>\n    <\/svg><\/span> <span>Belina &#8211; Kwari Kwari Banana<\/span><\/a>\n                    <\/span><span class=\"h-link__outer style-855-outer style-local-1629-c24-outer d-inline-flex h-element\"><a h-use-smooth-scroll=\"true\" href=\"https:\/\/update.boettcher-film.de\/wp-content\/uploads\/2023\/02\/Belina-Kalakoltschik.mp3\" data-default-type=\"iframe\" data-fancybox=\"section-group-f38evtHgcWHqat76QBULQA\"  data-colibri-id=\"1629-c24\" class=\"d-flex w-100 align-items-center h-link style-855 style-local-1629-c24 position-relative\"><!----><span  class=\"h-svg-icon h-link__icon style-855-icon style-local-1629-c24-icon\"><!--Icon by Font Awesome (https:\/\/fontawesome.com)-->\n    <svg version=\"1.1\" xmlns=\"http:\/\/www.w3.org\/2000\/svg\" xmlns:xlink=\"http:\/\/www.w3.org\/1999\/xlink\" id=\"music\" viewBox=\"0 0 1536 1896.0833\">\n      <path d=\"M1536 224v1120q0 50-34 89t-86 60.5-103.5 32-96.5 10.5-96.5-10.5-103.5-32-86-60.5-34-89 34-89 86-60.5 103.5-32 96.5-10.5q105 0 192 39V654L640 891v709q0 50-34 89t-86 60.5-103.5 32T320 1792t-96.5-10.5-103.5-32-86-60.5-34-89 34-89 86-60.5 103.5-32T320 1408q105 0 192 39V480q0-31 19-56.5t49-35.5l832-256q12-4 28-4 40 0 68 28t28 68z\"><\/path>\n    <\/svg><\/span> <span>Belina &#8211; Kalakoltschik<\/span><\/a>\n                    <\/span><span class=\"h-link__outer style-855-outer style-local-1629-c25-outer d-inline-flex h-element\"><a h-use-smooth-scroll=\"true\" href=\"https:\/\/update.boettcher-film.de\/wp-content\/uploads\/2023\/02\/Belina-Fenesta-ca-lucive.mp3\" data-default-type=\"iframe\" data-fancybox=\"section-group-f38evtHgcWHqat76QBULQA\"  data-colibri-id=\"1629-c25\" class=\"d-flex w-100 align-items-center h-link style-855 style-local-1629-c25 position-relative\"><!----><span  class=\"h-svg-icon h-link__icon style-855-icon style-local-1629-c25-icon\"><!--Icon by Font Awesome (https:\/\/fontawesome.com)-->\n    <svg version=\"1.1\" xmlns=\"http:\/\/www.w3.org\/2000\/svg\" xmlns:xlink=\"http:\/\/www.w3.org\/1999\/xlink\" id=\"music\" viewBox=\"0 0 1536 1896.0833\">\n      <path d=\"M1536 224v1120q0 50-34 89t-86 60.5-103.5 32-96.5 10.5-96.5-10.5-103.5-32-86-60.5-34-89 34-89 86-60.5 103.5-32 96.5-10.5q105 0 192 39V654L640 891v709q0 50-34 89t-86 60.5-103.5 32T320 1792t-96.5-10.5-103.5-32-86-60.5-34-89 34-89 86-60.5 103.5-32T320 1408q105 0 192 39V480q0-31 19-56.5t49-35.5l832-256q12-4 28-4 40 0 68 28t28 68z\"><\/path>\n    <\/svg><\/span> <span>Belina &#8211; Fenesta ca lucive<\/span><\/a>\n                    <\/span>\n                  <\/div>\n                <\/div>\n              <\/div>\n            <\/div>\n          <\/div>\n          <div class=\"h-column h-column-container d-flex h-col-lg-6 h-col-md-6 h-col-12 style-810-outer style-local-1629-c26-outer\">\n            <div data-colibri-id=\"1629-c26\" class=\"d-flex h-flex-basis h-column__inner h-px-lg-0 h-px-md-0 h-px-0 v-inner-lg-0 v-inner-md-0 v-inner-0 style-810 style-local-1629-c26 position-relative\">\n              <!---->\n              <!---->\n              <div class=\"w-100 h-y-container h-column__content h-column__v-align flex-basis-100 align-self-lg-center align-self-md-center align-self-center\">\n                <!---->\n                <div data-colibri-id=\"1629-c27\" class=\"h-global-transition-all h-heading style-823 style-local-1629-c27 position-relative h-element\">\n                  <!---->\n                  <div class=\"h-heading__outer style-823 style-local-1629-c27\">\n                    <!---->\n                    <!---->\n                    <h1 class=\"\"><span style=\"font-family: &quot;Open Sans&quot;;\">Impressionen<\/span><\/h1>\n                  <\/div>\n                <\/div>\n              <\/div>\n            <\/div>\n          <\/div>\n        <\/div>\n      <\/div>\n    <\/div>\n  <\/div>\n<\/div>","protected":false},"excerpt":{"rendered":"<p>Belina \u2013 Music For Peace \u201eEs geht unter die Haut. &#8211; Beispiellos!&#8220;&nbsp;(MDR Kultur, Heidi Eichenberg) \u201eDieses Album ist eine emotionale Reise und Anlass f\u00fcr lange, nicht nur musikalische Reflexionen.&nbsp;(Jazz Fun) \u201eDas Album vermittelt einen \u00fcberzeugenden Eindruck von der gro\u00dfartigen warmen Stimme der S\u00e4ngerin, vom Umfang ihres weitgef\u00e4cherten Repertoires, von der Authentizit\u00e4t, mit der sie ihre [&hellip;]<\/p>\n","protected":false},"author":1,"featured_media":0,"parent":0,"menu_order":0,"comment_status":"closed","ping_status":"closed","template":"page-templates\/full-width-page.php","meta":{"footnotes":""},"class_list":["post-1629","page","type-page","status-publish","hentry"],"_links":{"self":[{"href":"https:\/\/www.boettcher-film.de\/index.php?rest_route=\/wp\/v2\/pages\/1629","targetHints":{"allow":["GET"]}}],"collection":[{"href":"https:\/\/www.boettcher-film.de\/index.php?rest_route=\/wp\/v2\/pages"}],"about":[{"href":"https:\/\/www.boettcher-film.de\/index.php?rest_route=\/wp\/v2\/types\/page"}],"author":[{"embeddable":true,"href":"https:\/\/www.boettcher-film.de\/index.php?rest_route=\/wp\/v2\/users\/1"}],"replies":[{"embeddable":true,"href":"https:\/\/www.boettcher-film.de\/index.php?rest_route=%2Fwp%2Fv2%2Fcomments&post=1629"}],"version-history":[{"count":20,"href":"https:\/\/www.boettcher-film.de\/index.php?rest_route=\/wp\/v2\/pages\/1629\/revisions"}],"predecessor-version":[{"id":2648,"href":"https:\/\/www.boettcher-film.de\/index.php?rest_route=\/wp\/v2\/pages\/1629\/revisions\/2648"}],"wp:attachment":[{"href":"https:\/\/www.boettcher-film.de\/index.php?rest_route=%2Fwp%2Fv2%2Fmedia&parent=1629"}],"curies":[{"name":"wp","href":"https:\/\/api.w.org\/{rel}","templated":true}]}}