{"id":2509,"date":"2023-03-07T20:00:07","date_gmt":"2023-03-07T19:00:07","guid":{"rendered":"https:\/\/www.boettcher-film.de\/?page_id=2509"},"modified":"2023-03-12T17:15:23","modified_gmt":"2023-03-12T16:15:23","slug":"film-alexandra-rezensionen","status":"publish","type":"page","link":"https:\/\/www.boettcher-film.de\/?page_id=2509","title":{"rendered":"Film Alexandra Rezensionen"},"content":{"rendered":"<div data-colibri-id=\"2509-c1\" class=\"style-709 style-local-2509-c1 position-relative\">\n  <!---->\n  <div data-colibri-component=\"section\" data-colibri-id=\"2509-c2\" id=\"custom\" class=\"h-section h-section-global-spacing d-flex align-items-lg-center align-items-md-center align-items-center style-719 style-local-2509-c2 position-relative\">\n    <!---->\n    <!---->\n    <div class=\"h-section-grid-container h-section-boxed-container\">\n      <!---->\n      <div data-colibri-id=\"2509-c46\" class=\"h-row-container gutters-row-lg-2 gutters-row-md-2 gutters-row-0 gutters-row-v-lg-2 gutters-row-v-md-2 gutters-row-v-2 style-740 style-local-2509-c46 position-relative\">\n        <!---->\n        <div class=\"h-row justify-content-lg-center justify-content-md-center justify-content-center align-items-lg-stretch align-items-md-stretch align-items-stretch gutters-col-lg-2 gutters-col-md-2 gutters-col-0 gutters-col-v-lg-2 gutters-col-v-md-2 gutters-col-v-2\">\n          <!---->\n          <div class=\"h-column h-column-container d-flex h-col-lg-auto h-col-md-auto h-col-auto style-741-outer style-local-2509-c47-outer\">\n            <div data-colibri-id=\"2509-c47\" class=\"d-flex h-flex-basis h-column__inner h-px-lg-1 h-px-md-1 h-px-1 v-inner-lg-1 v-inner-md-1 v-inner-1 style-741 style-local-2509-c47 position-relative\">\n              <!---->\n              <!---->\n              <div class=\"w-100 h-y-container h-column__content h-column__v-align flex-basis-100 align-self-lg-start align-self-md-start align-self-start\">\n                <!---->\n                <div data-colibri-id=\"2509-c48\" class=\"h-global-transition-all h-heading style-743 style-local-2509-c48 position-relative h-element\">\n                  <!---->\n                  <div class=\"h-heading__outer style-743 style-local-2509-c48\">\n                    <!---->\n                    <!---->\n                    <h1 class=\"\">Rezensionen Film<\/h1>\n                  <\/div>\n                <\/div>\n              <\/div>\n            <\/div>\n          <\/div>\n        <\/div>\n      <\/div>\n      <div data-colibri-id=\"2509-c49\" class=\"h-row-container gutters-row-lg-1 gutters-row-md-1 gutters-row-0 gutters-row-v-lg-1 gutters-row-v-md-1 gutters-row-v-1 style-727 style-local-2509-c49 position-relative\">\n        <!---->\n        <div class=\"h-row justify-content-lg-center justify-content-md-center justify-content-center align-items-lg-stretch align-items-md-stretch align-items-stretch gutters-col-lg-1 gutters-col-md-1 gutters-col-0 gutters-col-v-lg-1 gutters-col-v-md-1 gutters-col-v-1\">\n          <!---->\n          <div class=\"h-column h-column-container d-flex h-col-lg-auto h-col-md-auto h-col-auto style-728-outer style-local-2509-c50-outer\">\n            <div data-colibri-id=\"2509-c50\" class=\"d-flex h-flex-basis h-column__inner h-px-lg-2 h-px-md-2 h-px-2 v-inner-lg-2 v-inner-md-2 v-inner-2 style-728 style-local-2509-c50 position-relative\">\n              <!---->\n              <!---->\n              <div class=\"w-100 h-y-container h-column__content h-column__v-align flex-basis-100 align-self-lg-start align-self-md-start align-self-start\">\n                <!---->\n                <div data-colibri-id=\"2509-c81\" class=\"d-block style-1091 style-local-2509-c81 position-relative h-element\">\n                  <!---->\n                  <div class=\"h-image__frame-container-outer\">\n                    <div class=\"h-image__frame-container\">\n                      <!---->\n                      <!---->\n                      <img loading=\"lazy\" decoding=\"async\" width=\"1056\" height=\"575\" src=\"https:\/\/www.boettcher-film.de\/wp-content\/uploads\/2022\/12\/cropped-1200px-Taz_Logo.svg_.png\" class=\"wp-image-1521 style-1091-image style-local-2509-c81-image\" alt=\"Logo taz\" srcset=\"https:\/\/www.boettcher-film.de\/wp-content\/uploads\/2022\/12\/cropped-1200px-Taz_Logo.svg_.png 1056w, https:\/\/www.boettcher-film.de\/wp-content\/uploads\/2022\/12\/cropped-1200px-Taz_Logo.svg_-300x163.png 300w, https:\/\/www.boettcher-film.de\/wp-content\/uploads\/2022\/12\/cropped-1200px-Taz_Logo.svg_-1024x558.png 1024w, https:\/\/www.boettcher-film.de\/wp-content\/uploads\/2022\/12\/cropped-1200px-Taz_Logo.svg_-768x418.png 768w\" sizes=\"auto, (max-width: 1056px) 100vw, 1056px\" \/>\n                      <div class=\"h-image__frame h-hide-lg h-hide-md h-hide-sm style-1091-frameImage style-local-2509-c81-frameImage\"><\/div>\n                    <\/div>\n                  <\/div>\n                <\/div>\n              <\/div>\n            <\/div>\n          <\/div>\n          <div class=\"h-column h-column-container d-flex h-col-lg-auto h-col-md-auto h-col-auto style-729-outer style-local-2509-c52-outer\">\n            <div data-colibri-id=\"2509-c52\" class=\"d-flex h-flex-basis h-column__inner h-px-lg-2 h-px-md-2 h-px-2 v-inner-lg-2 v-inner-md-2 v-inner-2 style-729 style-local-2509-c52 position-relative\">\n              <!---->\n              <!---->\n              <div class=\"w-100 h-y-container h-column__content h-column__v-align flex-basis-100 align-self-lg-center align-self-md-center align-self-center\">\n                <!---->\n                <div data-colibri-id=\"2509-c53\" class=\"h-text h-text-component style-732 style-local-2509-c53 position-relative h-element\">\n                  <!---->\n                  <!---->\n                  <div class=\"\">\n                    <p>\u201eMarc Boettcher, Berliner Filmemacher, hat \u00fcber Alexandra ein wunderbares Buch geschrieben. Sein Film ist noch besser. Boettcher hat einen der spannendsten Beitr\u00e4ge \u00fcber eine der wichtigsten Chanteusen der deutschen Nachkriegszeit\n                      produziert.&#8220;<\/p>\n                  <\/div>\n                <\/div>\n              <\/div>\n            <\/div>\n          <\/div>\n        <\/div>\n      <\/div>\n      <div data-colibri-id=\"2509-c54\" class=\"h-row-container gutters-row-lg-1 gutters-row-md-1 gutters-row-0 gutters-row-v-lg-1 gutters-row-v-md-1 gutters-row-v-1 style-727 style-local-2509-c54 position-relative\">\n        <!---->\n        <div class=\"h-row justify-content-lg-center justify-content-md-center justify-content-center align-items-lg-stretch align-items-md-stretch align-items-stretch gutters-col-lg-1 gutters-col-md-1 gutters-col-0 gutters-col-v-lg-1 gutters-col-v-md-1 gutters-col-v-1\">\n          <!---->\n          <div class=\"h-column h-column-container d-flex h-col-lg-auto h-col-md-auto h-col-auto style-728-outer style-local-2509-c55-outer\">\n            <div data-colibri-id=\"2509-c55\" class=\"d-flex h-flex-basis h-column__inner h-px-lg-2 h-px-md-2 h-px-2 v-inner-lg-2 v-inner-md-2 v-inner-2 style-728 style-local-2509-c55 position-relative\">\n              <!---->\n              <!---->\n              <div class=\"w-100 h-y-container h-column__content h-column__v-align flex-basis-100 align-self-lg-start align-self-md-start align-self-start\">\n                <!---->\n                <div data-colibri-id=\"2509-c56\" class=\"d-block style-735 style-local-2509-c56 position-relative h-element\">\n                  <!---->\n                  <div class=\"h-image__frame-container-outer\">\n                    <div class=\"h-image__frame-container\">\n                      <!---->\n                      <!---->\n                      <img loading=\"lazy\" decoding=\"async\" width=\"300\" height=\"148\" src=\"https:\/\/www.boettcher-film.de\/wp-content\/uploads\/2022\/12\/cropped-Schleswiger_Nachrichten_Logo-300x148-1.jpg\" class=\"wp-image-1522 style-735-image style-local-2509-c56-image\" alt=\"\" \/>\n                      <div class=\"h-image__frame h-hide-lg h-hide-md h-hide-sm style-735-frameImage style-local-2509-c56-frameImage\"><\/div>\n                    <\/div>\n                  <\/div>\n                <\/div>\n              <\/div>\n            <\/div>\n          <\/div>\n          <div class=\"h-column h-column-container d-flex h-col-lg-auto h-col-md-auto h-col-auto style-729-outer style-local-2509-c57-outer\">\n            <div data-colibri-id=\"2509-c57\" class=\"d-flex h-flex-basis h-column__inner h-px-lg-2 h-px-md-2 h-px-2 v-inner-lg-2 v-inner-md-2 v-inner-2 style-729 style-local-2509-c57 position-relative\">\n              <!---->\n              <!---->\n              <div class=\"w-100 h-y-container h-column__content h-column__v-align flex-basis-100 align-self-lg-center align-self-md-center align-self-center\">\n                <!---->\n                <div data-colibri-id=\"2509-c58\" class=\"h-text h-text-component style-732 style-local-2509-c58 position-relative h-element\">\n                  <!---->\n                  <!---->\n                  <div class=\"\">\n                    <p>\u201eHervorragend recherchiert. Unterhaltsamer, spannender und informativer kann ein TV-Portr\u00e4t kaum sein. Wiederholt den Film zur Hauptsendezeit!&#8220;<\/p>\n                  <\/div>\n                <\/div>\n              <\/div>\n            <\/div>\n          <\/div>\n        <\/div>\n      <\/div>\n      <div data-colibri-id=\"2509-c59\" class=\"h-row-container gutters-row-lg-1 gutters-row-md-1 gutters-row-0 gutters-row-v-lg-1 gutters-row-v-md-1 gutters-row-v-1 style-727 style-local-2509-c59 position-relative\">\n        <!---->\n        <div class=\"h-row justify-content-lg-center justify-content-md-center justify-content-center align-items-lg-stretch align-items-md-stretch align-items-stretch gutters-col-lg-1 gutters-col-md-1 gutters-col-0 gutters-col-v-lg-1 gutters-col-v-md-1 gutters-col-v-1\">\n          <!---->\n          <div class=\"h-column h-column-container d-flex h-col-lg-auto h-col-md-auto h-col-auto style-728-outer style-local-2509-c60-outer\">\n            <div data-colibri-id=\"2509-c60\" class=\"d-flex h-flex-basis h-column__inner h-px-lg-2 h-px-md-2 h-px-2 v-inner-lg-2 v-inner-md-2 v-inner-2 style-728 style-local-2509-c60 position-relative\">\n              <!---->\n              <!---->\n              <div class=\"w-100 h-y-container h-column__content h-column__v-align flex-basis-100 align-self-lg-start align-self-md-start align-self-start\">\n                <!---->\n                <div data-colibri-id=\"2509-c61\" class=\"d-block style-735 style-local-2509-c61 position-relative h-element\">\n                  <!---->\n                  <div class=\"h-image__frame-container-outer\">\n                    <div class=\"h-image__frame-container\">\n                      <!---->\n                      <!---->\n                      <img loading=\"lazy\" decoding=\"async\" width=\"512\" height=\"512\" src=\"https:\/\/www.boettcher-film.de\/wp-content\/uploads\/2022\/12\/cropped-4111q8JnvL.png\" class=\"wp-image-1523 style-735-image style-local-2509-c61-image\" alt=\"\" srcset=\"https:\/\/www.boettcher-film.de\/wp-content\/uploads\/2022\/12\/cropped-4111q8JnvL.png 512w, https:\/\/www.boettcher-film.de\/wp-content\/uploads\/2022\/12\/cropped-4111q8JnvL-300x300.png 300w, https:\/\/www.boettcher-film.de\/wp-content\/uploads\/2022\/12\/cropped-4111q8JnvL-150x150.png 150w\" sizes=\"auto, (max-width: 512px) 100vw, 512px\" \/>\n                      <div class=\"h-image__frame h-hide-lg h-hide-md h-hide-sm style-735-frameImage style-local-2509-c61-frameImage\"><\/div>\n                    <\/div>\n                  <\/div>\n                <\/div>\n              <\/div>\n            <\/div>\n          <\/div>\n          <div class=\"h-column h-column-container d-flex h-col-lg-auto h-col-md-auto h-col-auto style-729-outer style-local-2509-c62-outer\">\n            <div data-colibri-id=\"2509-c62\" class=\"d-flex h-flex-basis h-column__inner h-px-lg-2 h-px-md-2 h-px-2 v-inner-lg-2 v-inner-md-2 v-inner-2 style-729 style-local-2509-c62 position-relative\">\n              <!---->\n              <!---->\n              <div class=\"w-100 h-y-container h-column__content h-column__v-align flex-basis-100 align-self-lg-center align-self-md-center align-self-center\">\n                <!---->\n                <div data-colibri-id=\"2509-c63\" class=\"h-text h-text-component style-732 style-local-2509-c63 position-relative h-element\">\n                  <!---->\n                  <!---->\n                  <div class=\"\">\n                    <p>\u201eBoettcher hat ausgiebig Material gesammelt und Menschen so zum Reden gebracht, da\u00df die wom\u00f6glich gar nicht bemerkt haben, wie sehr sie sich selbst als karrieregeile und gelds\u00fcchtige Manager der seichten Muse offenbarten. Sehenswert!&#8220;<\/p>\n                  <\/div>\n                <\/div>\n              <\/div>\n            <\/div>\n          <\/div>\n        <\/div>\n      <\/div>\n      <div data-colibri-id=\"2509-c64\" class=\"h-row-container gutters-row-lg-1 gutters-row-md-1 gutters-row-0 gutters-row-v-lg-1 gutters-row-v-md-1 gutters-row-v-1 style-727 style-local-2509-c64 position-relative\">\n        <!---->\n        <div class=\"h-row justify-content-lg-center justify-content-md-center justify-content-center align-items-lg-stretch align-items-md-stretch align-items-stretch gutters-col-lg-1 gutters-col-md-1 gutters-col-0 gutters-col-v-lg-1 gutters-col-v-md-1 gutters-col-v-1\">\n          <!---->\n          <div class=\"h-column h-column-container d-flex h-col-lg-auto h-col-md-auto h-col-auto style-728-outer style-local-2509-c65-outer\">\n            <div data-colibri-id=\"2509-c65\" class=\"d-flex h-flex-basis h-column__inner h-px-lg-2 h-px-md-2 h-px-2 v-inner-lg-2 v-inner-md-2 v-inner-2 style-728 style-local-2509-c65 position-relative\">\n              <!---->\n              <!---->\n              <div class=\"w-100 h-y-container h-column__content h-column__v-align flex-basis-100 align-self-lg-start align-self-md-start align-self-start\">\n                <!---->\n                <div data-colibri-id=\"2509-c66\" class=\"d-block style-735 style-local-2509-c66 position-relative h-element\">\n                  <!---->\n                  <div class=\"h-image__frame-container-outer\">\n                    <div class=\"h-image__frame-container\">\n                      <!---->\n                      <!---->\n                      <img loading=\"lazy\" decoding=\"async\" width=\"2273\" height=\"1350\" src=\"https:\/\/www.boettcher-film.de\/wp-content\/uploads\/2022\/12\/cropped-24087490-frankfurter-rundschau-2uOLkF2DXrea.jpg\" class=\"wp-image-1524 style-735-image style-local-2509-c66-image\" alt=\"\" srcset=\"https:\/\/www.boettcher-film.de\/wp-content\/uploads\/2022\/12\/cropped-24087490-frankfurter-rundschau-2uOLkF2DXrea.jpg 2273w, https:\/\/www.boettcher-film.de\/wp-content\/uploads\/2022\/12\/cropped-24087490-frankfurter-rundschau-2uOLkF2DXrea-300x178.jpg 300w, https:\/\/www.boettcher-film.de\/wp-content\/uploads\/2022\/12\/cropped-24087490-frankfurter-rundschau-2uOLkF2DXrea-1024x608.jpg 1024w, https:\/\/www.boettcher-film.de\/wp-content\/uploads\/2022\/12\/cropped-24087490-frankfurter-rundschau-2uOLkF2DXrea-768x456.jpg 768w, https:\/\/www.boettcher-film.de\/wp-content\/uploads\/2022\/12\/cropped-24087490-frankfurter-rundschau-2uOLkF2DXrea-1536x912.jpg 1536w, https:\/\/www.boettcher-film.de\/wp-content\/uploads\/2022\/12\/cropped-24087490-frankfurter-rundschau-2uOLkF2DXrea-2048x1216.jpg 2048w\" sizes=\"auto, (max-width: 2273px) 100vw, 2273px\" \/>\n                      <div class=\"h-image__frame h-hide-lg h-hide-md h-hide-sm style-735-frameImage style-local-2509-c66-frameImage\"><\/div>\n                    <\/div>\n                  <\/div>\n                <\/div>\n              <\/div>\n            <\/div>\n          <\/div>\n          <div class=\"h-column h-column-container d-flex h-col-lg-auto h-col-md-auto h-col-auto style-729-outer style-local-2509-c67-outer\">\n            <div data-colibri-id=\"2509-c67\" class=\"d-flex h-flex-basis h-column__inner h-px-lg-2 h-px-md-2 h-px-2 v-inner-lg-2 v-inner-md-2 v-inner-2 style-729 style-local-2509-c67 position-relative\">\n              <!---->\n              <!---->\n              <div class=\"w-100 h-y-container h-column__content h-column__v-align flex-basis-100 align-self-lg-center align-self-md-center align-self-center\">\n                <!---->\n                <div data-colibri-id=\"2509-c68\" class=\"h-text h-text-component style-732 style-local-2509-c68 position-relative h-element\">\n                  <!---->\n                  <!---->\n                  <div class=\"\">\n                    <p>\u201eSehr ordentlich und manierlich gemachte Filmbiographie, die mit raren und teils kuriosen Archivaufnahmen aufwarten kann. Ein lohnendes Sp\u00e4tprogramm f\u00fcr Schlagerfreunde und Nostalgiker.&#8220;<\/p>\n                  <\/div>\n                <\/div>\n              <\/div>\n            <\/div>\n          <\/div>\n        <\/div>\n      <\/div>\n      <div data-colibri-id=\"2509-c69\" class=\"h-row-container gutters-row-lg-1 gutters-row-md-1 gutters-row-0 gutters-row-v-lg-1 gutters-row-v-md-1 gutters-row-v-1 style-727 style-local-2509-c69 position-relative\">\n        <!---->\n        <div class=\"h-row justify-content-lg-center justify-content-md-center justify-content-center align-items-lg-stretch align-items-md-stretch align-items-stretch gutters-col-lg-1 gutters-col-md-1 gutters-col-0 gutters-col-v-lg-1 gutters-col-v-md-1 gutters-col-v-1\">\n          <!---->\n          <div class=\"h-column h-column-container d-flex h-col-lg-auto h-col-md-auto h-col-auto style-728-outer style-local-2509-c70-outer\">\n            <div data-colibri-id=\"2509-c70\" class=\"d-flex h-flex-basis h-column__inner h-px-lg-2 h-px-md-2 h-px-2 v-inner-lg-2 v-inner-md-2 v-inner-2 style-728 style-local-2509-c70 position-relative\">\n              <!---->\n              <!---->\n              <div class=\"w-100 h-y-container h-column__content h-column__v-align flex-basis-100 align-self-lg-start align-self-md-start align-self-start\">\n                <!---->\n                <div data-colibri-id=\"2509-c71\" class=\"d-block style-735 style-local-2509-c71 position-relative h-element\">\n                  <!---->\n                  <div class=\"h-image__frame-container-outer\">\n                    <div class=\"h-image__frame-container\">\n                      <!---->\n                      <!---->\n                      <img loading=\"lazy\" decoding=\"async\" width=\"1964\" height=\"1283\" src=\"https:\/\/www.boettcher-film.de\/wp-content\/uploads\/2022\/12\/cropped-2000px-TV-Spielfilm-Logo.svg_.png\" class=\"wp-image-1525 style-735-image style-local-2509-c71-image\" alt=\"\" srcset=\"https:\/\/www.boettcher-film.de\/wp-content\/uploads\/2022\/12\/cropped-2000px-TV-Spielfilm-Logo.svg_.png 1964w, https:\/\/www.boettcher-film.de\/wp-content\/uploads\/2022\/12\/cropped-2000px-TV-Spielfilm-Logo.svg_-300x196.png 300w, https:\/\/www.boettcher-film.de\/wp-content\/uploads\/2022\/12\/cropped-2000px-TV-Spielfilm-Logo.svg_-1024x669.png 1024w, https:\/\/www.boettcher-film.de\/wp-content\/uploads\/2022\/12\/cropped-2000px-TV-Spielfilm-Logo.svg_-768x502.png 768w, https:\/\/www.boettcher-film.de\/wp-content\/uploads\/2022\/12\/cropped-2000px-TV-Spielfilm-Logo.svg_-1536x1003.png 1536w\" sizes=\"auto, (max-width: 1964px) 100vw, 1964px\" \/>\n                      <div class=\"h-image__frame h-hide-lg h-hide-md h-hide-sm style-735-frameImage style-local-2509-c71-frameImage\"><\/div>\n                    <\/div>\n                  <\/div>\n                <\/div>\n              <\/div>\n            <\/div>\n          <\/div>\n          <div class=\"h-column h-column-container d-flex h-col-lg-auto h-col-md-auto h-col-auto style-729-outer style-local-2509-c72-outer\">\n            <div data-colibri-id=\"2509-c72\" class=\"d-flex h-flex-basis h-column__inner h-px-lg-2 h-px-md-2 h-px-2 v-inner-lg-2 v-inner-md-2 v-inner-2 style-729 style-local-2509-c72 position-relative\">\n              <!---->\n              <!---->\n              <div class=\"w-100 h-y-container h-column__content h-column__v-align flex-basis-100 align-self-lg-center align-self-md-center align-self-center\">\n                <!---->\n                <div data-colibri-id=\"2509-c73\" class=\"h-text h-text-component style-732 style-local-2509-c73 position-relative h-element\">\n                  <!---->\n                  <!---->\n                  <div class=\"\">\n                    <p>\u201eMarc Boettchers erste \u201elange&#8220; Doku: ein Volltreffer! Spannend skizziert der Journalist das Leben der Chanson-Hoffnung der 60-er, Alexandra. Als sein Team neue Aspekte um ihren mysteri\u00f6sen Tod aufdeckt, wird es anonym bedroht.&#8220;<\/p>\n                  <\/div>\n                <\/div>\n              <\/div>\n            <\/div>\n          <\/div>\n        <\/div>\n      <\/div>\n      <div data-colibri-id=\"2509-c74\" class=\"h-row-container gutters-row-lg-1 gutters-row-md-1 gutters-row-0 gutters-row-v-lg-1 gutters-row-v-md-1 gutters-row-v-1 style-727 style-local-2509-c74 position-relative\">\n        <!---->\n        <div class=\"h-row justify-content-lg-center justify-content-md-center justify-content-center align-items-lg-stretch align-items-md-stretch align-items-stretch gutters-col-lg-1 gutters-col-md-1 gutters-col-0 gutters-col-v-lg-1 gutters-col-v-md-1 gutters-col-v-1\">\n          <!---->\n          <div class=\"h-column h-column-container d-flex h-col-lg-auto h-col-md-auto h-col-auto style-728-outer style-local-2509-c75-outer\">\n            <div data-colibri-id=\"2509-c75\" class=\"d-flex h-flex-basis h-column__inner h-px-lg-2 h-px-md-2 h-px-2 v-inner-lg-2 v-inner-md-2 v-inner-2 style-728 style-local-2509-c75 position-relative\">\n              <!---->\n              <!---->\n              <div class=\"w-100 h-y-container h-column__content h-column__v-align flex-basis-100 align-self-lg-start align-self-md-start align-self-start\">\n                <!---->\n                <div data-colibri-id=\"2509-c76\" class=\"d-block style-735 style-local-2509-c76 position-relative h-element\">\n                  <!---->\n                  <div class=\"h-image__frame-container-outer\">\n                    <div class=\"h-image__frame-container\">\n                      <!---->\n                      <!---->\n                      <img loading=\"lazy\" decoding=\"async\" width=\"1455\" height=\"788\" src=\"https:\/\/www.boettcher-film.de\/wp-content\/uploads\/2022\/12\/cropped-hamburger_abendblatt.jpg\" class=\"wp-image-1526 style-735-image style-local-2509-c76-image\" alt=\"\" srcset=\"https:\/\/www.boettcher-film.de\/wp-content\/uploads\/2022\/12\/cropped-hamburger_abendblatt.jpg 1455w, https:\/\/www.boettcher-film.de\/wp-content\/uploads\/2022\/12\/cropped-hamburger_abendblatt-300x162.jpg 300w, https:\/\/www.boettcher-film.de\/wp-content\/uploads\/2022\/12\/cropped-hamburger_abendblatt-1024x555.jpg 1024w, https:\/\/www.boettcher-film.de\/wp-content\/uploads\/2022\/12\/cropped-hamburger_abendblatt-768x416.jpg 768w\" sizes=\"auto, (max-width: 1455px) 100vw, 1455px\" \/>\n                      <div class=\"h-image__frame h-hide-lg h-hide-md h-hide-sm style-735-frameImage style-local-2509-c76-frameImage\"><\/div>\n                    <\/div>\n                  <\/div>\n                <\/div>\n              <\/div>\n            <\/div>\n          <\/div>\n          <div class=\"h-column h-column-container d-flex h-col-lg-auto h-col-md-auto h-col-auto style-729-outer style-local-2509-c77-outer\">\n            <div data-colibri-id=\"2509-c77\" class=\"d-flex h-flex-basis h-column__inner h-px-lg-2 h-px-md-2 h-px-2 v-inner-lg-2 v-inner-md-2 v-inner-2 style-729 style-local-2509-c77 position-relative\">\n              <!---->\n              <!---->\n              <div class=\"w-100 h-y-container h-column__content h-column__v-align flex-basis-100 align-self-lg-center align-self-md-center align-self-center\">\n                <!---->\n                <div data-colibri-id=\"2509-c78\" class=\"h-text h-text-component style-732 style-local-2509-c78 position-relative h-element\">\n                  <!---->\n                  <!---->\n                  <div class=\"\">\n                    <p>\u201ePsychogramm und kritisches Schlager-Dossier. Dicht montiert. Fesselnd!&#8220;<\/p>\n                  <\/div>\n                <\/div>\n              <\/div>\n            <\/div>\n          <\/div>\n        <\/div>\n      <\/div>\n    <\/div>\n  <\/div>\n<\/div>","protected":false},"excerpt":{"rendered":"<p>Rezensionen Film \u201eMarc Boettcher, Berliner Filmemacher, hat \u00fcber Alexandra ein wunderbares Buch geschrieben. Sein Film ist noch besser. Boettcher hat einen der spannendsten Beitr\u00e4ge \u00fcber eine der wichtigsten Chanteusen der deutschen Nachkriegszeit produziert.&#8220; \u201eHervorragend recherchiert. Unterhaltsamer, spannender und informativer kann ein TV-Portr\u00e4t kaum sein. Wiederholt den Film zur Hauptsendezeit!&#8220; \u201eBoettcher hat ausgiebig Material gesammelt und [&hellip;]<\/p>\n","protected":false},"author":1,"featured_media":0,"parent":0,"menu_order":0,"comment_status":"closed","ping_status":"closed","template":"page-templates\/full-width-page.php","meta":{"footnotes":""},"class_list":["post-2509","page","type-page","status-publish","hentry"],"_links":{"self":[{"href":"https:\/\/www.boettcher-film.de\/index.php?rest_route=\/wp\/v2\/pages\/2509","targetHints":{"allow":["GET"]}}],"collection":[{"href":"https:\/\/www.boettcher-film.de\/index.php?rest_route=\/wp\/v2\/pages"}],"about":[{"href":"https:\/\/www.boettcher-film.de\/index.php?rest_route=\/wp\/v2\/types\/page"}],"author":[{"embeddable":true,"href":"https:\/\/www.boettcher-film.de\/index.php?rest_route=\/wp\/v2\/users\/1"}],"replies":[{"embeddable":true,"href":"https:\/\/www.boettcher-film.de\/index.php?rest_route=%2Fwp%2Fv2%2Fcomments&post=2509"}],"version-history":[{"count":3,"href":"https:\/\/www.boettcher-film.de\/index.php?rest_route=\/wp\/v2\/pages\/2509\/revisions"}],"predecessor-version":[{"id":2814,"href":"https:\/\/www.boettcher-film.de\/index.php?rest_route=\/wp\/v2\/pages\/2509\/revisions\/2814"}],"wp:attachment":[{"href":"https:\/\/www.boettcher-film.de\/index.php?rest_route=%2Fwp%2Fv2%2Fmedia&parent=2509"}],"curies":[{"name":"wp","href":"https:\/\/api.w.org\/{rel}","templated":true}]}}