{"id":605,"date":"2022-12-27T13:00:05","date_gmt":"2022-12-27T12:00:05","guid":{"rendered":"https:\/\/update.boettcher-film.de\/impressum\/"},"modified":"2023-02-25T15:16:52","modified_gmt":"2023-02-25T14:16:52","slug":"impressum","status":"publish","type":"page","link":"https:\/\/www.boettcher-film.de\/?page_id=605","title":{"rendered":"Impressum"},"content":{"rendered":"<div data-colibri-id=\"605-c1\" class=\"style-317 style-local-605-c1 position-relative\">\n  <!---->\n  <div data-colibri-component=\"section\" data-colibri-id=\"605-c2\" id=\"custom\" class=\"h-section h-section-global-spacing d-flex align-items-lg-center align-items-md-center align-items-center style-318 style-local-605-c2 position-relative\">\n    <!---->\n    <!---->\n    <div class=\"h-section-grid-container h-section-boxed-container\">\n      <!---->\n      <div data-colibri-id=\"605-c3\" class=\"h-row-container gutters-row-lg-2 gutters-row-md-2 gutters-row-0 gutters-row-v-lg-2 gutters-row-v-md-2 gutters-row-v-2 style-319 style-local-605-c3 position-relative\">\n        <!---->\n        <div class=\"h-row justify-content-lg-center justify-content-md-center justify-content-center align-items-lg-stretch align-items-md-stretch align-items-stretch gutters-col-lg-2 gutters-col-md-2 gutters-col-0 gutters-col-v-lg-2 gutters-col-v-md-2 gutters-col-v-2\">\n          <!---->\n          <div class=\"h-column h-column-container d-flex h-col-lg-auto h-col-md-auto h-col-auto style-320-outer style-local-605-c4-outer\">\n            <div data-colibri-id=\"605-c4\" class=\"d-flex h-flex-basis h-column__inner h-px-lg-2 h-px-md-2 h-px-2 v-inner-lg-2 v-inner-md-2 v-inner-2 style-320 style-local-605-c4 position-relative\">\n              <!---->\n              <!---->\n              <div class=\"w-100 h-y-container h-column__content h-column__v-align flex-basis-100 align-self-lg-start align-self-md-start align-self-start\">\n                <!---->\n                <div data-colibri-id=\"605-c5\" class=\"h-text h-text-component style-321 style-local-605-c5 position-relative h-element\">\n                  <!---->\n                  <!---->\n                  <div class=\"\">\n                    <h2><em>Impressum<\/em><\/h2>\n                    <p><span style=\"font-family: &quot;open sans&quot;, sans-serif;\">Angaben gem\u00e4\u00df \u00a7 5 TMG:<\/span><\/p>\n                    <p><span style=\"font-family: &quot;open sans&quot;, sans-serif;\">Marc Boettcher<br>MB Film<br>G\u00fctergotzer Stra\u00dfe 59<br>14165 Berlin<\/span><\/p>\n                    <p>&nbsp;<\/p>\n                    <p><span style=\"font-family: &quot;open sans&quot;, sans-serif;\">Kontakt:<\/span><\/p>\n                    <p><span style=\"font-family: &quot;open sans&quot;, sans-serif;\">Telefon: 030 80 11 425<\/span><\/p>\n                    <p><span style=\"font-family: &quot;open sans&quot;, sans-serif;\">Telefax: 030 80 11 425<\/span><\/p>\n                    <p><span style=\"font-family: &quot;open sans&quot;, sans-serif;\">E-Mail:&nbsp;<\/span>\n                      <a href=\"mailto:info@boettcher-film.de\" style=\"font-family: &quot;open sans&quot;, sans-serif; color: inherit;\" target=\"_self\" rel=\"noopener\">info@boettcher-film.de<\/a>\n                    <\/p>\n                    <p><span style=\"font-family: &quot;open sans&quot;, sans-serif;\">\u200b<\/span><\/p>\n                    <p><span style=\"font-family: &quot;open sans&quot;, sans-serif;\">Haftungsausschluss:<\/span><\/p>\n                    <h3><span style=\"font-family: &quot;open sans&quot;, sans-serif;\">Haftung f\u00fcr Inhalte<\/span><\/h3>\n                    <p><span style=\"font-family: &quot;open sans&quot;, sans-serif;\">Die Inhalte unserer Seiten wurden mit gr\u00f6\u00dfter Sorgfalt erstellt. F\u00fcr die Richtigkeit, Vollst\u00e4ndigkeit und Aktualit\u00e4t der Inhalte k\u00f6nnen wir jedoch keine Gew\u00e4hr \u00fcbernehmen. Als Diensteanbieter sind wir gem\u00e4\u00df \u00a7 7 Abs.1 TMG f\u00fcr eigene Inhalte auf diesen Seiten nach den allgemeinen Gesetzen verantwortlich. Nach \u00a7\u00a7 8 bis 10 TMG sind wir als Diensteanbieter jedoch nicht verpflichtet, \u00fcbermittelte oder gespeicherte fremde Informationen zu \u00fcberwachen oder nach Umst\u00e4nden zu forschen, die auf eine rechtswidrige T\u00e4tigkeit hinweisen. Verpflichtungen zur Entfernung oder Sperrung der Nutzung von Informationen nach den allgemeinen Gesetzen bleiben hiervon unber\u00fchrt. Eine diesbez\u00fcgliche Haftung ist jedoch erst ab dem Zeitpunkt der Kenntnis einer konkreten Rechtsverletzung m\u00f6glich. Bei Bekanntwerden von entsprechenden Rechtsverletzungen werden wir diese Inhalte umgehend entfernen.<\/span><\/p>\n                    <h3><span style=\"font-family: &quot;open sans&quot;, sans-serif;\">Haftung f\u00fcr Links<\/span><\/h3>\n                    <p><span style=\"font-family: &quot;open sans&quot;, sans-serif;\">Unser Angebot enth\u00e4lt Links zu externen Webseiten Dritter, auf deren Inhalte wir keinen Einfluss haben. Deshalb k\u00f6nnen wir f\u00fcr diese fremden Inhalte auch keine Gew\u00e4hr \u00fcbernehmen. F\u00fcr die Inhalte der verlinkten Seiten ist stets der jeweilige Anbieter oder Betreiber der Seiten verantwortlich. Die verlinkten Seiten wurden zum Zeitpunkt der Verlinkung auf m\u00f6gliche Rechtsverst\u00f6\u00dfe \u00fcberpr\u00fcft. Rechtswidrige Inhalte waren zum Zeitpunkt der Verlinkung nicht erkennbar. Eine permanente inhaltliche Kontrolle der verlinkten Seiten ist jedoch ohne konkrete Anhaltspunkte einer Rechtsverletzung nicht zumutbar. Bei Bekanntwerden von Rechtsverletzungen werden wir derartige Links umgehend entfernen.<\/span><\/p>\n                    <h3><span style=\"font-family: &quot;open sans&quot;, sans-serif;\">Urheberrecht<\/span><\/h3>\n                    <p><span style=\"font-family: &quot;open sans&quot;, sans-serif;\">Die durch die Seitenbetreiber erstellten Inhalte und Werke auf diesen Seiten unterliegen dem deutschen Urheberrecht. Die Vervielf\u00e4ltigung, Bearbeitung, Verbreitung und jede Art der Verwertung au\u00dferhalb der Grenzen des Urheberrechtes bed\u00fcrfen der schriftlichen Zustimmung des jeweiligen Autors bzw. Erstellers. Downloads und Kopien dieser Seite sind nur f\u00fcr den privaten, nicht kommerziellen Gebrauch gestattet. Soweit die Inhalte auf dieser Seite nicht vom Betreiber erstellt wurden, werden die Urheberrechte Dritter beachtet. Insbesondere werden Inhalte Dritter als solche gekennzeichnet. Sollten Sie trotzdem auf eine Urheberrechtsverletzung aufmerksam werden, bitten wir um einen entsprechenden Hinweis. Bei Bekanntwerden von Rechtsverletzungen werden wir derartige Inhalte umgehend entfernen.<\/span><\/p>\n                    <p>\n                      <br>\n                    <\/p>\n                  <\/div>\n                <\/div>\n              <\/div>\n            <\/div>\n          <\/div>\n        <\/div>\n      <\/div>\n    <\/div>\n  <\/div>\n<\/div>","protected":false},"excerpt":{"rendered":"<p>Impressum Angaben gem\u00e4\u00df \u00a7 5 TMG: Marc BoettcherMB FilmG\u00fctergotzer Stra\u00dfe 5914165 Berlin &nbsp; Kontakt: Telefon: 030 80 11 425 Telefax: 030 80 11 425 E-Mail:&nbsp; info@boettcher-film.de \u200b Haftungsausschluss: Haftung f\u00fcr Inhalte Die Inhalte unserer Seiten wurden mit gr\u00f6\u00dfter Sorgfalt erstellt. F\u00fcr die Richtigkeit, Vollst\u00e4ndigkeit und Aktualit\u00e4t der Inhalte k\u00f6nnen wir jedoch keine Gew\u00e4hr \u00fcbernehmen. Als [&hellip;]<\/p>\n","protected":false},"author":1,"featured_media":0,"parent":0,"menu_order":0,"comment_status":"closed","ping_status":"closed","template":"page-templates\/full-width-page.php","meta":{"footnotes":""},"class_list":["post-605","page","type-page","status-publish","hentry"],"_links":{"self":[{"href":"https:\/\/www.boettcher-film.de\/index.php?rest_route=\/wp\/v2\/pages\/605","targetHints":{"allow":["GET"]}}],"collection":[{"href":"https:\/\/www.boettcher-film.de\/index.php?rest_route=\/wp\/v2\/pages"}],"about":[{"href":"https:\/\/www.boettcher-film.de\/index.php?rest_route=\/wp\/v2\/types\/page"}],"author":[{"embeddable":true,"href":"https:\/\/www.boettcher-film.de\/index.php?rest_route=\/wp\/v2\/users\/1"}],"replies":[{"embeddable":true,"href":"https:\/\/www.boettcher-film.de\/index.php?rest_route=%2Fwp%2Fv2%2Fcomments&post=605"}],"version-history":[{"count":2,"href":"https:\/\/www.boettcher-film.de\/index.php?rest_route=\/wp\/v2\/pages\/605\/revisions"}],"predecessor-version":[{"id":1818,"href":"https:\/\/www.boettcher-film.de\/index.php?rest_route=\/wp\/v2\/pages\/605\/revisions\/1818"}],"wp:attachment":[{"href":"https:\/\/www.boettcher-film.de\/index.php?rest_route=%2Fwp%2Fv2%2Fmedia&parent=605"}],"curies":[{"name":"wp","href":"https:\/\/api.w.org\/{rel}","templated":true}]}}